{"id":637,"date":"2015-09-07T09:40:37","date_gmt":"2015-09-07T09:40:37","guid":{"rendered":"http:\/\/www.acsr-solutions.com\/fr\/?page_id=637"},"modified":"2017-03-28T08:31:43","modified_gmt":"2017-03-28T08:31:43","slug":"automatisation","status":"publish","type":"page","link":"https:\/\/www.acsr-solutions.com\/fr\/automatisation\/","title":{"rendered":"Automatisation"},"content":{"rendered":"<p class=\"teaser\">Logiciel standard pour machines et installations<\/p>\n<p>Nous avons mis au point du mat\u00e9riel et un logiciel que nous pouvons int\u00e9grer dans votre syst\u00e8me. Pour ce faire, notre produit standard est adapt\u00e9 (configur\u00e9) selon vos besoins. Les fonctionnalit\u00e9s sont r\u00e9alis\u00e9es par un syst\u00e8me de contr\u00f4le performant con\u00e7u pour une utilisation dans des conditions environnementales extr\u00eames et garantir longue dur\u00e9e de vie. Le logiciel a \u00e9t\u00e9 d\u00e9velopp\u00e9 et mis \u00e0 jour dans le respect des normes actuelles de l&rsquo;industrie pharmaceutique.<\/p>\n<h2>Les versions pharmaceutiques \u00ab Performance \u00bb contiennent par d\u00e9faut :<\/h2>\n<ul class=\"listeStandard\">\n<li><figure id=\"attachment_512\" aria-describedby=\"caption-attachment-512\" style=\"width: 240px\" class=\"wp-caption alignright\"><a href=\"\/wp-content\/uploads\/2015\/09\/automation-pharmavariante-performance.jpg\" rel=\"attachment wp-att-512\" data-rel=\"lightbox-image-0\" data-rl_title=\"\" data-rl_caption=\"\" title=\"\"><img loading=\"lazy\" class=\"wp-image-512 size-medium\" src=\"\/wp-content\/uploads\/2015\/09\/automation-pharmavariante-performance-240x300.jpg\" alt=\"Automation Performance\" width=\"240\" height=\"300\" srcset=\"https:\/\/www.acsr-solutions.com\/wp-content\/uploads\/2015\/09\/automation-pharmavariante-performance-240x300.jpg 240w, https:\/\/www.acsr-solutions.com\/wp-content\/uploads\/2015\/09\/automation-pharmavariante-performance-180x225.jpg 180w, https:\/\/www.acsr-solutions.com\/wp-content\/uploads\/2015\/09\/automation-pharmavariante-performance-48x60.jpg 48w, https:\/\/www.acsr-solutions.com\/wp-content\/uploads\/2015\/09\/automation-pharmavariante-performance.jpg 700w\" sizes=\"(max-width: 240px) 100vw, 240px\" \/><\/a><figcaption id=\"caption-attachment-512\" class=\"wp-caption-text\">Performance 19&Prime;<\/figcaption><\/figure>Une interface utilisateur graphique de 19\u00a0\u00bb \u00e0 la fois intuitive et simple \u00e0 utiliser<\/li>\n<li class=\"abstandRechts\">Une production g\u00e9r\u00e9e par lots<\/li>\n<li class=\"abstandRechts\">Gestion des recettes et des r\u00e9glages sp\u00e9cifiques aux produits<\/li>\n<li class=\"abstandRechts\">Fonctionnalit\u00e9s conforme \u00e0 la r\u00e9glementation 21 CFR Part 11<\/li>\n<li class=\"abstandRechts\">Changement de langue et des unit\u00e9s int\u00e9gr\u00e9<\/li>\n<li class=\"abstandRechts\">Impression des donn\u00e9es de productions (lots)<\/li>\n<li class=\"abstandRechts\">Compatibilit\u00e9 r\u00e9seau totale, y compris interface de maintenance \u00e0 distance<\/li>\n<li>Commande bas\u00e9e sur PC haute-performance<\/li>\n<\/ul>\n<h2>Les versions de base \u00ab Comfort \u00bb offrent par d\u00e9faut :<\/h2>\n<ul class=\"listeStandard\">\n<li><figure id=\"attachment_513\" aria-describedby=\"caption-attachment-513\" style=\"width: 300px\" class=\"wp-caption alignright\"><a href=\"\/wp-content\/uploads\/2015\/09\/automation-pharmavariante-comfort.jpg\" rel=\"attachment wp-att-513\" data-rel=\"lightbox-image-1\" data-rl_title=\"\" data-rl_caption=\"\" title=\"\"><img loading=\"lazy\" class=\"size-medium wp-image-513\" src=\"\/wp-content\/uploads\/2015\/09\/automation-pharmavariante-comfort-300x169.jpg\" alt=\"Automation Comfort\" width=\"300\" height=\"169\" srcset=\"https:\/\/www.acsr-solutions.com\/wp-content\/uploads\/2015\/09\/automation-pharmavariante-comfort-300x169.jpg 300w, https:\/\/www.acsr-solutions.com\/wp-content\/uploads\/2015\/09\/automation-pharmavariante-comfort-768x432.jpg 768w, https:\/\/www.acsr-solutions.com\/wp-content\/uploads\/2015\/09\/automation-pharmavariante-comfort-180x101.jpg 180w, https:\/\/www.acsr-solutions.com\/wp-content\/uploads\/2015\/09\/automation-pharmavariante-comfort-107x60.jpg 107w, https:\/\/www.acsr-solutions.com\/wp-content\/uploads\/2015\/09\/automation-pharmavariante-comfort.jpg 1000w\" sizes=\"(max-width: 300px) 100vw, 300px\" \/><\/a><figcaption id=\"caption-attachment-513\" class=\"wp-caption-text\">Comfort 12&Prime;<\/figcaption><\/figure>Une interface d&rsquo;utilisation graphique de 12\u00a0\u00bb \u00e0 la fois intuitive et simple \u00e0 utiliser<\/li>\n<li class=\"abstandRechts\">Gestion des recettes et des r\u00e9glages sp\u00e9cifiques aux produits<\/li>\n<li class=\"abstandRechts\">Gestion des utilisateurs<\/li>\n<li class=\"abstandRechts\">Impression des donn\u00e9es de production<\/li>\n<li class=\"abstandRechts\">Compatible r\u00e9seau<\/li>\n<li class=\"abstandRechts\">Derni\u00e8re g\u00e9n\u00e9ration d\u2019API<\/li>\n<\/ul>\n<h2>Les versions \u00e9conomiques \u00ab ECO \u00bb poss\u00e8dent par d\u00e9faut :<\/h2>\n<figure id=\"attachment_360\" aria-describedby=\"caption-attachment-360\" style=\"width: 278px\" class=\"wp-caption alignright\"><img loading=\"lazy\" class=\"wp-image-360 size-full\" src=\"\/wp-content\/uploads\/2015\/09\/automation-eco.gif\" alt=\"Automation Eco\" width=\"278\" height=\"211\" \/><figcaption id=\"caption-attachment-360\" class=\"wp-caption-text\">Automation Eco<\/figcaption><\/figure>\n<ul class=\"listeStandard\">\n<li>Une interface d&rsquo;utilisation graphique de 5,7\u00a0\u00bb \u00e0 la fois intuitive et simple \u00e0 utiliser<\/li>\n<li>API Siemens S7 de derni\u00e8re g\u00e9n\u00e9ration<\/li>\n<\/ul>\n","protected":false},"excerpt":{"rendered":"<p>Logiciel standard pour machines et installations Nous avons mis au point du mat\u00e9riel et un logiciel que nous pouvons int\u00e9grer dans votre syst\u00e8me. Pour ce faire, notre produit standard est adapt\u00e9 (configur\u00e9) selon vos besoins. Les fonctionnalit\u00e9s sont r\u00e9alis\u00e9es par un syst\u00e8me de contr\u00f4le performant con\u00e7u pour une utilisation dans des conditions environnementales extr\u00eames et [&hellip;]<\/p>\n","protected":false},"author":2,"featured_media":0,"parent":0,"menu_order":2,"comment_status":"closed","ping_status":"closed","template":"","meta":[],"yoast_head":"<!-- This site is optimized with the Yoast SEO plugin v16.1.1 - https:\/\/yoast.com\/wordpress\/plugins\/seo\/ -->\n<link rel=\"canonical\" href=\"https:\/\/www.acsr-solutions.com\/fr\/automatisation\/\" \/>\n<meta property=\"og:locale\" content=\"fr_FR\" \/>\n<meta property=\"og:type\" content=\"article\" \/>\n<meta property=\"og:title\" content=\"Automatisation - ACSR Solutions\" \/>\n<meta property=\"og:description\" content=\"Logiciel standard pour machines et installations Nous avons mis au point du mat\u00e9riel et un logiciel que nous pouvons int\u00e9grer dans votre syst\u00e8me. Pour ce faire, notre produit standard est adapt\u00e9 (configur\u00e9) selon vos besoins. Les fonctionnalit\u00e9s sont r\u00e9alis\u00e9es par un syst\u00e8me de contr\u00f4le performant con\u00e7u pour une utilisation dans des conditions environnementales extr\u00eames et [&hellip;]\" \/>\n<meta property=\"og:url\" content=\"https:\/\/www.acsr-solutions.com\/fr\/automatisation\/\" \/>\n<meta property=\"og:site_name\" content=\"ACSR Solutions\" \/>\n<meta property=\"article:modified_time\" content=\"2017-03-28T08:31:43+00:00\" \/>\n<meta property=\"og:image\" content=\"https:\/\/www.acsr-solutions.com\/wp-content\/uploads\/2015\/09\/automation-pharmavariante-performance-240x300.jpg\" \/>\n<meta name=\"twitter:card\" content=\"summary\" \/>\n<meta name=\"twitter:label1\" content=\"Dur\u00e9e de lecture est.\">\n\t<meta name=\"twitter:data1\" content=\"1 minute\">\n<script type=\"application\/ld+json\" class=\"yoast-schema-graph\">{\"@context\":\"https:\/\/schema.org\",\"@graph\":[{\"@type\":\"WebSite\",\"@id\":\"https:\/\/www.acsr-solutions.com\/#website\",\"url\":\"https:\/\/www.acsr-solutions.com\/\",\"name\":\"ACSR Solutions\",\"description\":\"Eine weitere WordPress-Seite\",\"potentialAction\":[{\"@type\":\"SearchAction\",\"target\":\"https:\/\/www.acsr-solutions.com\/?s={search_term_string}\",\"query-input\":\"required name=search_term_string\"}],\"inLanguage\":\"fr-FR\"},{\"@type\":\"ImageObject\",\"@id\":\"https:\/\/www.acsr-solutions.com\/fr\/automatisation\/#primaryimage\",\"inLanguage\":\"fr-FR\",\"url\":\"\/wp-content\/uploads\/2015\/09\/automation-pharmavariante-performance-240x300.jpg\",\"contentUrl\":\"\/wp-content\/uploads\/2015\/09\/automation-pharmavariante-performance-240x300.jpg\"},{\"@type\":\"WebPage\",\"@id\":\"https:\/\/www.acsr-solutions.com\/fr\/automatisation\/#webpage\",\"url\":\"https:\/\/www.acsr-solutions.com\/fr\/automatisation\/\",\"name\":\"Automatisation - ACSR Solutions\",\"isPartOf\":{\"@id\":\"https:\/\/www.acsr-solutions.com\/#website\"},\"primaryImageOfPage\":{\"@id\":\"https:\/\/www.acsr-solutions.com\/fr\/automatisation\/#primaryimage\"},\"datePublished\":\"2015-09-07T09:40:37+00:00\",\"dateModified\":\"2017-03-28T08:31:43+00:00\",\"breadcrumb\":{\"@id\":\"https:\/\/www.acsr-solutions.com\/fr\/automatisation\/#breadcrumb\"},\"inLanguage\":\"fr-FR\",\"potentialAction\":[{\"@type\":\"ReadAction\",\"target\":[\"https:\/\/www.acsr-solutions.com\/fr\/automatisation\/\"]}]},{\"@type\":\"BreadcrumbList\",\"@id\":\"https:\/\/www.acsr-solutions.com\/fr\/automatisation\/#breadcrumb\",\"itemListElement\":[{\"@type\":\"ListItem\",\"position\":1,\"item\":{\"@type\":\"WebPage\",\"@id\":\"https:\/\/www.acsr-solutions.com\/fr\/\",\"url\":\"https:\/\/www.acsr-solutions.com\/fr\/\",\"name\":\"Home\"}},{\"@type\":\"ListItem\",\"position\":2,\"item\":{\"@type\":\"WebPage\",\"@id\":\"https:\/\/www.acsr-solutions.com\/fr\/automatisation\/\",\"url\":\"https:\/\/www.acsr-solutions.com\/fr\/automatisation\/\",\"name\":\"Automatisation\"}}]}]}<\/script>\n<!-- \/ Yoast SEO plugin. -->","_links":{"self":[{"href":"https:\/\/www.acsr-solutions.com\/fr\/wp-json\/wp\/v2\/pages\/637"}],"collection":[{"href":"https:\/\/www.acsr-solutions.com\/fr\/wp-json\/wp\/v2\/pages"}],"about":[{"href":"https:\/\/www.acsr-solutions.com\/fr\/wp-json\/wp\/v2\/types\/page"}],"author":[{"embeddable":true,"href":"https:\/\/www.acsr-solutions.com\/fr\/wp-json\/wp\/v2\/users\/2"}],"replies":[{"embeddable":true,"href":"https:\/\/www.acsr-solutions.com\/fr\/wp-json\/wp\/v2\/comments?post=637"}],"version-history":[{"count":2,"href":"https:\/\/www.acsr-solutions.com\/fr\/wp-json\/wp\/v2\/pages\/637\/revisions"}],"predecessor-version":[{"id":791,"href":"https:\/\/www.acsr-solutions.com\/fr\/wp-json\/wp\/v2\/pages\/637\/revisions\/791"}],"wp:attachment":[{"href":"https:\/\/www.acsr-solutions.com\/fr\/wp-json\/wp\/v2\/media?parent=637"}],"curies":[{"name":"wp","href":"https:\/\/api.w.org\/{rel}","templated":true}]}}