{"id":640,"date":"2015-09-09T08:40:39","date_gmt":"2015-09-09T08:40:39","guid":{"rendered":"http:\/\/www.acsr-solutions.com\/fr\/?page_id=640"},"modified":"2016-11-11T12:20:34","modified_gmt":"2016-11-11T12:20:34","slug":"tabcontrol","status":"publish","type":"page","link":"https:\/\/www.acsr-solutions.com\/fr\/automatisation\/tabcontrol\/","title":{"rendered":"TabControl"},"content":{"rendered":"<p class=\"teaser\">Pour presses \u00e0 comprim\u00e9s<\/p>\n<p>TabControl r\u00e9unit le contr\u00f4le des actionneurs et le processus de r\u00e9gulation en un seul syst\u00e8me. Le c\u00e2blage \u00e9lectrique est install\u00e9 dans un coffret \u00e9lectrique en inox int\u00e9gr\u00e9e \u00e0 la machine. De fa\u00e7on alternative, nous proposons \u00e9galement une solution qui permet d&rsquo;installer l&rsquo;\u00e9lectronique de puissance et les commandes dans une armoire externe. L&rsquo;unit\u00e9 de commande peut au choix \u00eatre int\u00e9gr\u00e9e sur l&rsquo;armoire ou mont\u00e9e sur un bras articul\u00e9.<\/p>\n<h2>Fonctionnalit\u00e9s<\/h2>\n<figure id=\"attachment_489\" aria-describedby=\"caption-attachment-489\" style=\"width: 240px\" class=\"wp-caption alignright\"><a href=\"\/wp-content\/uploads\/2015\/09\/tab-control-screenshot.jpg\" rel=\"attachment wp-att-489\" data-rel=\"lightbox-image-0\" data-rl_title=\"\" data-rl_caption=\"\" title=\"\"><img loading=\"lazy\" class=\"size-medium wp-image-489\" src=\"\/wp-content\/uploads\/2015\/09\/tab-control-screenshot-240x300.jpg\" alt=\"TabControl f\u00fcr Tablettenpressen\" width=\"240\" height=\"300\" srcset=\"https:\/\/www.acsr-solutions.com\/wp-content\/uploads\/2015\/09\/tab-control-screenshot-240x300.jpg 240w, https:\/\/www.acsr-solutions.com\/wp-content\/uploads\/2015\/09\/tab-control-screenshot-180x225.jpg 180w, https:\/\/www.acsr-solutions.com\/wp-content\/uploads\/2015\/09\/tab-control-screenshot-48x60.jpg 48w, https:\/\/www.acsr-solutions.com\/wp-content\/uploads\/2015\/09\/tab-control-screenshot.jpg 683w\" sizes=\"(max-width: 240px) 100vw, 240px\" \/><\/a><figcaption id=\"caption-attachment-489\" class=\"wp-caption-text\">TabControl<\/figcaption><\/figure>\n<ul class=\"listeStandard\">\n<li class=\"abstandRechts\">Affichage par station des forces de pr\u00e9compression et compression principale<\/li>\n<li class=\"abstandRechts\">Courbes des moyennes de pr\u00e9compression et compression principale<\/li>\n<li class=\"abstandRechts\">Suivi individuel des forces de compression<\/li>\n<li class=\"abstandRechts\">R\u00e9gulation de la force de compression via le dosage ou l\u2019\u00e9paisseur de tranche<\/li>\n<li class=\"abstandRechts\">Interfa\u00e7age des appareils p\u00e9riph\u00e9riques, par ex : d\u00e9poussi\u00e9reur ou chargeur de f\u00fbt<\/li>\n<li class=\"abstandRechts\">R\u00e9glage motoris\u00e9 de la profondeur de dosage, de la hauteur de tranche et de la profondeur de p\u00e9n\u00e9tration, y compris la mesure des positions<\/li>\n<li>\u00c9chantillonnage<\/li>\n<li>S\u00e9lection individuelle de comprim\u00e9 \u00e0 l&rsquo;aide d&rsquo;une buse de soufflage<\/li>\n<li>R\u00e9glage du poids r\u00e9el via l\u2019interface du syst\u00e8me contr\u00f4le des comprim\u00e9s<\/li>\n<li>Aide \u00e0 la mise en place des matrices<\/li>\n<li>Forfait de qualifications (standard ou adapt\u00e9)<\/li>\n<\/ul>\n<h2>Solutions sp\u00e9cifiques<\/h2>\n<p><a href=\"\/wp-content\/uploads\/2015\/09\/tabcontrol-novapress-retrofit.png\" rel=\"attachment wp-att-516\" data-rel=\"lightbox-image-1\" data-rl_title=\"\" data-rl_caption=\"\" title=\"\"><img loading=\"lazy\" class=\"alignright size-medium wp-image-516\" src=\"\/wp-content\/uploads\/2015\/09\/tabcontrol-novapress-retrofit-298x300.png\" alt=\"TabControl\" width=\"298\" height=\"300\" srcset=\"https:\/\/www.acsr-solutions.com\/wp-content\/uploads\/2015\/09\/tabcontrol-novapress-retrofit-298x300.png 298w, https:\/\/www.acsr-solutions.com\/wp-content\/uploads\/2015\/09\/tabcontrol-novapress-retrofit-150x150.png 150w, https:\/\/www.acsr-solutions.com\/wp-content\/uploads\/2015\/09\/tabcontrol-novapress-retrofit-768x774.png 768w, https:\/\/www.acsr-solutions.com\/wp-content\/uploads\/2015\/09\/tabcontrol-novapress-retrofit-180x181.png 180w, https:\/\/www.acsr-solutions.com\/wp-content\/uploads\/2015\/09\/tabcontrol-novapress-retrofit-60x60.png 60w, https:\/\/www.acsr-solutions.com\/wp-content\/uploads\/2015\/09\/tabcontrol-novapress-retrofit.png 800w\" sizes=\"(max-width: 298px) 100vw, 298px\" \/><\/a><\/p>\n<ul class=\"listeStandard\">\n<li class=\"abstandRechts\">Unit\u00e9 de rejet par soufflage de comprim\u00e9 avec suivi de l&rsquo;impulsion de rejet<\/li>\n<li class=\"abstandRechts\">Mise \u00e0 niveau des points de mesure de la jauge de contrainte<\/li>\n<li class=\"abstandRechts\">Surveillance de la temp\u00e9rature de la came d&rsquo;\u00e9jection comme alternative \u00e0 la mesure de la force d&rsquo;\u00e9jection<\/li>\n<li class=\"abstandRechts\">R\u00e9novation de la transmission (r\u00e9ducteur) et de l\u2019arbre de tourelle<\/li>\n<li>Renouvellement du syst\u00e8me de lubrification<\/li>\n<\/ul>\n<h2>\u00a0<\/h2>\n<h2>Variantes<\/h2>\n<table class=\"standardTabelle\">\n<thead>\n<tr>\n<th>\u00a0<\/th>\n<th>ECO<\/th>\n<th>Comfort<\/th>\n<th>Performance<\/th>\n<\/tr>\n<\/thead>\n<tbody>\n<tr>\n<td>Affichage par station des forces de pr\u00e9compression et de compression principale<\/td>\n<td>\u00a0<\/td>\n<td>\u00a0<\/td>\n<td>X<\/td>\n<\/tr>\n<tr>\n<td>Courbes des moyennes de pr\u00e9compression et compression principale<\/td>\n<td>\u00a0<\/td>\n<td>\u00a0<\/td>\n<td>X<\/td>\n<\/tr>\n<tr>\n<td>Assistance \u00e0 la mise en place des matrices<\/td>\n<td>\u00a0<\/td>\n<td>\u00a0<\/td>\n<td>X<\/td>\n<\/tr>\n<tr>\n<td>Suivi individuel des forces de compression<\/td>\n<td>\u00a0<\/td>\n<td>\u00a0<\/td>\n<td>X<\/td>\n<\/tr>\n<tr>\n<td>R\u00e9gulation de la force de compression via le dosage ou l\u2019\u00e9paisseur de tranche<\/td>\n<td>Profondeur de dosage<\/td>\n<td>Profondeur de dosage<\/td>\n<td>X<\/td>\n<\/tr>\n<tr>\n<td>R\u00e9glage motoris\u00e9 de la profondeur de dosage, de la hauteur de tranche et de la profondeur de p\u00e9n\u00e9tration, y compris la mesure des positions<\/td>\n<td>\u00a0<\/td>\n<td>\u00a0<\/td>\n<td>X<\/td>\n<\/tr>\n<tr>\n<td>\u00c9chantillonnage<\/td>\n<td>\u00a0<\/td>\n<td>\u00a0<\/td>\n<td>X<\/td>\n<\/tr>\n<tr>\n<td>S\u00e9lection individuelle des comprim\u00e9s \u00e0 l&rsquo;aide d&rsquo;une buse de soufflage<\/td>\n<td>\u00a0<\/td>\n<td>\u00a0<\/td>\n<td>X<\/td>\n<\/tr>\n<tr>\n<td>R\u00e9glage du poids r\u00e9el via l\u2019interface du syst\u00e8me contr\u00f4le des comprim\u00e9s<\/td>\n<td>\u00a0<\/td>\n<td>\u00a0<\/td>\n<td>X<\/td>\n<\/tr>\n<tr>\n<td>Rejet des mauvais comprim\u00e9s \u00e0 l&rsquo;aide du clapet principal<\/td>\n<td>X<\/td>\n<td>X<\/td>\n<td>X<\/td>\n<\/tr>\n<tr>\n<td>Interfa\u00e7age des appareils p\u00e9riph\u00e9riques, par ex : d\u00e9poussi\u00e9reur ou chargeur de f\u00fbt<\/td>\n<td>X<\/td>\n<td>X<\/td>\n<td>X<\/td>\n<\/tr>\n<tr>\n<td>Forfait de qualifications (standard ou adapt\u00e9)<\/td>\n<td>X<\/td>\n<td>X<\/td>\n<td>X<\/td>\n<\/tr>\n<\/tbody>\n<\/table>\n<h2>R\u00e9f\u00e9rences<\/h2>\n<p>Jusqu&rsquo;\u00e0 aujourd\u2019hui, nous avons r\u00e9nov\u00e9 plus de 50 types presses \u00e0 comprim\u00e9s des fabricants suivants :<\/p>\n<ul class=\"listeStandard\">\n<li>Fette : 2100, 2200, 2080, 2090, 3090, P1000, P2000<\/li>\n<li>Kilian : RTS, E150, TX, LX, RX, T100, T200, T300, T400, Synthesis 700<\/li>\n<li>Korsch : PH230, PH250, PH300<\/li>\n<li>Horn Noak : GRP<\/li>\n<li>Manesty : Uni Press, Nova Press<\/li>\n<\/ul>\n","protected":false},"excerpt":{"rendered":"<p>Pour presses \u00e0 comprim\u00e9s TabControl r\u00e9unit le contr\u00f4le des actionneurs et le processus de r\u00e9gulation en un seul syst\u00e8me. Le c\u00e2blage \u00e9lectrique est install\u00e9 dans un coffret \u00e9lectrique en inox int\u00e9gr\u00e9e \u00e0 la machine. De fa\u00e7on alternative, nous proposons \u00e9galement une solution qui permet d&rsquo;installer l&rsquo;\u00e9lectronique de puissance et les commandes dans une armoire externe. [&hellip;]<\/p>\n","protected":false},"author":2,"featured_media":0,"parent":637,"menu_order":0,"comment_status":"closed","ping_status":"closed","template":"","meta":[],"yoast_head":"<!-- This site is optimized with the Yoast SEO plugin v16.1.1 - https:\/\/yoast.com\/wordpress\/plugins\/seo\/ -->\n<link rel=\"canonical\" href=\"https:\/\/www.acsr-solutions.com\/fr\/automatisation\/tabcontrol\/\" \/>\n<meta property=\"og:locale\" content=\"fr_FR\" \/>\n<meta property=\"og:type\" content=\"article\" \/>\n<meta property=\"og:title\" content=\"TabControl - ACSR Solutions\" \/>\n<meta property=\"og:description\" content=\"Pour presses \u00e0 comprim\u00e9s TabControl r\u00e9unit le contr\u00f4le des actionneurs et le processus de r\u00e9gulation en un seul syst\u00e8me. Le c\u00e2blage \u00e9lectrique est install\u00e9 dans un coffret \u00e9lectrique en inox int\u00e9gr\u00e9e \u00e0 la machine. De fa\u00e7on alternative, nous proposons \u00e9galement une solution qui permet d&rsquo;installer l&rsquo;\u00e9lectronique de puissance et les commandes dans une armoire externe. [&hellip;]\" \/>\n<meta property=\"og:url\" content=\"https:\/\/www.acsr-solutions.com\/fr\/automatisation\/tabcontrol\/\" \/>\n<meta property=\"og:site_name\" content=\"ACSR Solutions\" \/>\n<meta property=\"article:modified_time\" content=\"2016-11-11T12:20:34+00:00\" \/>\n<meta property=\"og:image\" content=\"https:\/\/www.acsr-solutions.com\/wp-content\/uploads\/2015\/09\/tab-control-screenshot-240x300.jpg\" \/>\n<meta name=\"twitter:card\" content=\"summary\" \/>\n<meta name=\"twitter:label1\" content=\"Dur\u00e9e de lecture est.\">\n\t<meta name=\"twitter:data1\" content=\"2 minutes\">\n<script type=\"application\/ld+json\" class=\"yoast-schema-graph\">{\"@context\":\"https:\/\/schema.org\",\"@graph\":[{\"@type\":\"WebSite\",\"@id\":\"https:\/\/www.acsr-solutions.com\/#website\",\"url\":\"https:\/\/www.acsr-solutions.com\/\",\"name\":\"ACSR Solutions\",\"description\":\"Eine weitere WordPress-Seite\",\"potentialAction\":[{\"@type\":\"SearchAction\",\"target\":\"https:\/\/www.acsr-solutions.com\/?s={search_term_string}\",\"query-input\":\"required name=search_term_string\"}],\"inLanguage\":\"fr-FR\"},{\"@type\":\"ImageObject\",\"@id\":\"https:\/\/www.acsr-solutions.com\/fr\/automatisation\/tabcontrol\/#primaryimage\",\"inLanguage\":\"fr-FR\",\"url\":\"\/wp-content\/uploads\/2015\/09\/tab-control-screenshot-240x300.jpg\",\"contentUrl\":\"\/wp-content\/uploads\/2015\/09\/tab-control-screenshot-240x300.jpg\"},{\"@type\":\"WebPage\",\"@id\":\"https:\/\/www.acsr-solutions.com\/fr\/automatisation\/tabcontrol\/#webpage\",\"url\":\"https:\/\/www.acsr-solutions.com\/fr\/automatisation\/tabcontrol\/\",\"name\":\"TabControl - ACSR Solutions\",\"isPartOf\":{\"@id\":\"https:\/\/www.acsr-solutions.com\/#website\"},\"primaryImageOfPage\":{\"@id\":\"https:\/\/www.acsr-solutions.com\/fr\/automatisation\/tabcontrol\/#primaryimage\"},\"datePublished\":\"2015-09-09T08:40:39+00:00\",\"dateModified\":\"2016-11-11T12:20:34+00:00\",\"breadcrumb\":{\"@id\":\"https:\/\/www.acsr-solutions.com\/fr\/automatisation\/tabcontrol\/#breadcrumb\"},\"inLanguage\":\"fr-FR\",\"potentialAction\":[{\"@type\":\"ReadAction\",\"target\":[\"https:\/\/www.acsr-solutions.com\/fr\/automatisation\/tabcontrol\/\"]}]},{\"@type\":\"BreadcrumbList\",\"@id\":\"https:\/\/www.acsr-solutions.com\/fr\/automatisation\/tabcontrol\/#breadcrumb\",\"itemListElement\":[{\"@type\":\"ListItem\",\"position\":1,\"item\":{\"@type\":\"WebPage\",\"@id\":\"https:\/\/www.acsr-solutions.com\/fr\/\",\"url\":\"https:\/\/www.acsr-solutions.com\/fr\/\",\"name\":\"Home\"}},{\"@type\":\"ListItem\",\"position\":2,\"item\":{\"@type\":\"WebPage\",\"@id\":\"https:\/\/www.acsr-solutions.com\/fr\/automatisation\/\",\"url\":\"https:\/\/www.acsr-solutions.com\/fr\/automatisation\/\",\"name\":\"Automatisation\"}},{\"@type\":\"ListItem\",\"position\":3,\"item\":{\"@type\":\"WebPage\",\"@id\":\"https:\/\/www.acsr-solutions.com\/fr\/automatisation\/tabcontrol\/\",\"url\":\"https:\/\/www.acsr-solutions.com\/fr\/automatisation\/tabcontrol\/\",\"name\":\"TabControl\"}}]}]}<\/script>\n<!-- \/ Yoast SEO plugin. -->","_links":{"self":[{"href":"https:\/\/www.acsr-solutions.com\/fr\/wp-json\/wp\/v2\/pages\/640"}],"collection":[{"href":"https:\/\/www.acsr-solutions.com\/fr\/wp-json\/wp\/v2\/pages"}],"about":[{"href":"https:\/\/www.acsr-solutions.com\/fr\/wp-json\/wp\/v2\/types\/page"}],"author":[{"embeddable":true,"href":"https:\/\/www.acsr-solutions.com\/fr\/wp-json\/wp\/v2\/users\/2"}],"replies":[{"embeddable":true,"href":"https:\/\/www.acsr-solutions.com\/fr\/wp-json\/wp\/v2\/comments?post=640"}],"version-history":[{"count":5,"href":"https:\/\/www.acsr-solutions.com\/fr\/wp-json\/wp\/v2\/pages\/640\/revisions"}],"predecessor-version":[{"id":780,"href":"https:\/\/www.acsr-solutions.com\/fr\/wp-json\/wp\/v2\/pages\/640\/revisions\/780"}],"up":[{"embeddable":true,"href":"https:\/\/www.acsr-solutions.com\/fr\/wp-json\/wp\/v2\/pages\/637"}],"wp:attachment":[{"href":"https:\/\/www.acsr-solutions.com\/fr\/wp-json\/wp\/v2\/media?parent=640"}],"curies":[{"name":"wp","href":"https:\/\/api.w.org\/{rel}","templated":true}]}}