{"id":645,"date":"2015-09-07T10:19:44","date_gmt":"2015-09-07T10:19:44","guid":{"rendered":"http:\/\/www.acsr-solutions.com\/fr\/?page_id=645"},"modified":"2016-11-11T07:53:34","modified_gmt":"2016-11-11T07:53:34","slug":"fluidbedcontrol","status":"publish","type":"page","link":"https:\/\/www.acsr-solutions.com\/fr\/automatisation\/fluidbedcontrol\/","title":{"rendered":"FluidBedControl"},"content":{"rendered":"<p class=\"teaser\">Pour s\u00e9cheur en lit fluidis\u00e9<\/p>\n<p>\u00ab FluidBedControl \u00bb transforme votre s\u00e9cheur en lit fluidis\u00e9 en une technologie de pointe en rempla\u00e7ant la technologie de contr\u00f4le. Les modernisations peuvent \u00eatre pneumatiques ou \u00e9lectriques et la dur\u00e9e de r\u00e9novation prendra moins de trois semaines.<\/p>\n<h2>Fonctionnalit\u00e9s<\/h2>\n<figure id=\"attachment_503\" aria-describedby=\"caption-attachment-503\" style=\"width: 240px\" class=\"wp-caption alignright\"><a href=\"\/wp-content\/uploads\/2015\/09\/fluidbedcontrol-screenshot.jpg\" rel=\"attachment wp-att-503\" data-rel=\"lightbox-image-0\" data-rl_title=\"\" data-rl_caption=\"\" title=\"\"><img loading=\"lazy\" class=\"size-medium wp-image-503\" src=\"\/wp-content\/uploads\/2015\/09\/fluidbedcontrol-screenshot-240x300.jpg\" alt=\"FluidBedControl f\u00fcr Wirbelschichtgranulierer\" width=\"240\" height=\"300\" srcset=\"https:\/\/www.acsr-solutions.com\/wp-content\/uploads\/2015\/09\/fluidbedcontrol-screenshot-240x300.jpg 240w, https:\/\/www.acsr-solutions.com\/wp-content\/uploads\/2015\/09\/fluidbedcontrol-screenshot-180x225.jpg 180w, https:\/\/www.acsr-solutions.com\/wp-content\/uploads\/2015\/09\/fluidbedcontrol-screenshot-48x60.jpg 48w, https:\/\/www.acsr-solutions.com\/wp-content\/uploads\/2015\/09\/fluidbedcontrol-screenshot.jpg 683w\" sizes=\"(max-width: 240px) 100vw, 240px\" \/><\/a><figcaption id=\"caption-attachment-503\" class=\"wp-caption-text\">FluidBedControl<\/figcaption><\/figure>\n<ul class=\"listeStandard\">\n<li class=\"abstandRechts\">Syst\u00e8me de visualisation via une interface graphique<\/li>\n<li class=\"abstandRechts\">Gestion du processus de m\u00e9lange, de granulation et de s\u00e9chage<\/li>\n<li class=\"abstandRechts\">Contr\u00f4le manuel et automatique des agr\u00e9gats<\/li>\n<li class=\"abstandRechts\">Etapes du processus et s\u00e9lection des s\u00e9quences de production et de nettoyage<\/li>\n<li class=\"abstandRechts\">Contr\u00f4le des installations et \u00e9quipements secondaires<\/li>\n<li class=\"abstandRechts\">Surveillance des filtres et de la ventilation<\/li>\n<li>Sauvegarde des donn\u00e9es dans une base de donn\u00e9es<\/li>\n<li>Les donn\u00e9es peuvent \u00eatre affich\u00e9es sous forme de courbes<\/li>\n<\/ul>\n<p>&nbsp;<\/p>\n<figure id=\"attachment_287\" aria-describedby=\"caption-attachment-287\" style=\"width: 243px\" class=\"wp-caption alignnone\"><img loading=\"lazy\" class=\"size-full wp-image-287\" src=\"\/wp-content\/uploads\/2015\/09\/fluidbedcontrol-erneuerung-schaltschrank.gif\" alt=\"Renouvellement de l'armoire de commande\" width=\"243\" height=\"200\" \/><figcaption id=\"caption-attachment-287\" class=\"wp-caption-text\">Renouvellement de l&rsquo;armoire de commande<\/figcaption><\/figure>\n<h2>R\u00e9f\u00e9rences<\/h2>\n<ul class=\"listeStandard\">\n<li>Glatt : CD200-P<\/li>\n<\/ul>\n","protected":false},"excerpt":{"rendered":"<p>Pour s\u00e9cheur en lit fluidis\u00e9 \u00ab FluidBedControl \u00bb transforme votre s\u00e9cheur en lit fluidis\u00e9 en une technologie de pointe en rempla\u00e7ant la technologie de contr\u00f4le. Les modernisations peuvent \u00eatre pneumatiques ou \u00e9lectriques et la dur\u00e9e de r\u00e9novation prendra moins de trois semaines. Fonctionnalit\u00e9s Syst\u00e8me de visualisation via une interface graphique Gestion du processus de m\u00e9lange, [&hellip;]<\/p>\n","protected":false},"author":2,"featured_media":0,"parent":637,"menu_order":3,"comment_status":"closed","ping_status":"closed","template":"","meta":[],"yoast_head":"<!-- This site is optimized with the Yoast SEO plugin v16.1.1 - https:\/\/yoast.com\/wordpress\/plugins\/seo\/ -->\n<link rel=\"canonical\" href=\"https:\/\/www.acsr-solutions.com\/fr\/automatisation\/fluidbedcontrol\/\" \/>\n<meta property=\"og:locale\" content=\"fr_FR\" \/>\n<meta property=\"og:type\" content=\"article\" \/>\n<meta property=\"og:title\" content=\"FluidBedControl - ACSR Solutions\" \/>\n<meta property=\"og:description\" content=\"Pour s\u00e9cheur en lit fluidis\u00e9 \u00ab FluidBedControl \u00bb transforme votre s\u00e9cheur en lit fluidis\u00e9 en une technologie de pointe en rempla\u00e7ant la technologie de contr\u00f4le. Les modernisations peuvent \u00eatre pneumatiques ou \u00e9lectriques et la dur\u00e9e de r\u00e9novation prendra moins de trois semaines. Fonctionnalit\u00e9s Syst\u00e8me de visualisation via une interface graphique Gestion du processus de m\u00e9lange, [&hellip;]\" \/>\n<meta property=\"og:url\" content=\"https:\/\/www.acsr-solutions.com\/fr\/automatisation\/fluidbedcontrol\/\" \/>\n<meta property=\"og:site_name\" content=\"ACSR Solutions\" \/>\n<meta property=\"article:modified_time\" content=\"2016-11-11T07:53:34+00:00\" \/>\n<meta property=\"og:image\" content=\"https:\/\/www.acsr-solutions.com\/wp-content\/uploads\/2015\/09\/fluidbedcontrol-screenshot-240x300.jpg\" \/>\n<meta name=\"twitter:card\" content=\"summary\" \/>\n<meta name=\"twitter:label1\" content=\"Dur\u00e9e de lecture est.\">\n\t<meta name=\"twitter:data1\" content=\"1 minute\">\n<script type=\"application\/ld+json\" class=\"yoast-schema-graph\">{\"@context\":\"https:\/\/schema.org\",\"@graph\":[{\"@type\":\"WebSite\",\"@id\":\"https:\/\/www.acsr-solutions.com\/#website\",\"url\":\"https:\/\/www.acsr-solutions.com\/\",\"name\":\"ACSR Solutions\",\"description\":\"Eine weitere WordPress-Seite\",\"potentialAction\":[{\"@type\":\"SearchAction\",\"target\":\"https:\/\/www.acsr-solutions.com\/?s={search_term_string}\",\"query-input\":\"required name=search_term_string\"}],\"inLanguage\":\"fr-FR\"},{\"@type\":\"ImageObject\",\"@id\":\"https:\/\/www.acsr-solutions.com\/fr\/automatisation\/fluidbedcontrol\/#primaryimage\",\"inLanguage\":\"fr-FR\",\"url\":\"\/wp-content\/uploads\/2015\/09\/fluidbedcontrol-screenshot-240x300.jpg\",\"contentUrl\":\"\/wp-content\/uploads\/2015\/09\/fluidbedcontrol-screenshot-240x300.jpg\"},{\"@type\":\"WebPage\",\"@id\":\"https:\/\/www.acsr-solutions.com\/fr\/automatisation\/fluidbedcontrol\/#webpage\",\"url\":\"https:\/\/www.acsr-solutions.com\/fr\/automatisation\/fluidbedcontrol\/\",\"name\":\"FluidBedControl - ACSR Solutions\",\"isPartOf\":{\"@id\":\"https:\/\/www.acsr-solutions.com\/#website\"},\"primaryImageOfPage\":{\"@id\":\"https:\/\/www.acsr-solutions.com\/fr\/automatisation\/fluidbedcontrol\/#primaryimage\"},\"datePublished\":\"2015-09-07T10:19:44+00:00\",\"dateModified\":\"2016-11-11T07:53:34+00:00\",\"breadcrumb\":{\"@id\":\"https:\/\/www.acsr-solutions.com\/fr\/automatisation\/fluidbedcontrol\/#breadcrumb\"},\"inLanguage\":\"fr-FR\",\"potentialAction\":[{\"@type\":\"ReadAction\",\"target\":[\"https:\/\/www.acsr-solutions.com\/fr\/automatisation\/fluidbedcontrol\/\"]}]},{\"@type\":\"BreadcrumbList\",\"@id\":\"https:\/\/www.acsr-solutions.com\/fr\/automatisation\/fluidbedcontrol\/#breadcrumb\",\"itemListElement\":[{\"@type\":\"ListItem\",\"position\":1,\"item\":{\"@type\":\"WebPage\",\"@id\":\"https:\/\/www.acsr-solutions.com\/fr\/\",\"url\":\"https:\/\/www.acsr-solutions.com\/fr\/\",\"name\":\"Home\"}},{\"@type\":\"ListItem\",\"position\":2,\"item\":{\"@type\":\"WebPage\",\"@id\":\"https:\/\/www.acsr-solutions.com\/fr\/automatisation\/\",\"url\":\"https:\/\/www.acsr-solutions.com\/fr\/automatisation\/\",\"name\":\"Automatisation\"}},{\"@type\":\"ListItem\",\"position\":3,\"item\":{\"@type\":\"WebPage\",\"@id\":\"https:\/\/www.acsr-solutions.com\/fr\/automatisation\/fluidbedcontrol\/\",\"url\":\"https:\/\/www.acsr-solutions.com\/fr\/automatisation\/fluidbedcontrol\/\",\"name\":\"FluidBedControl\"}}]}]}<\/script>\n<!-- \/ Yoast SEO plugin. -->","_links":{"self":[{"href":"https:\/\/www.acsr-solutions.com\/fr\/wp-json\/wp\/v2\/pages\/645"}],"collection":[{"href":"https:\/\/www.acsr-solutions.com\/fr\/wp-json\/wp\/v2\/pages"}],"about":[{"href":"https:\/\/www.acsr-solutions.com\/fr\/wp-json\/wp\/v2\/types\/page"}],"author":[{"embeddable":true,"href":"https:\/\/www.acsr-solutions.com\/fr\/wp-json\/wp\/v2\/users\/2"}],"replies":[{"embeddable":true,"href":"https:\/\/www.acsr-solutions.com\/fr\/wp-json\/wp\/v2\/comments?post=645"}],"version-history":[{"count":2,"href":"https:\/\/www.acsr-solutions.com\/fr\/wp-json\/wp\/v2\/pages\/645\/revisions"}],"predecessor-version":[{"id":765,"href":"https:\/\/www.acsr-solutions.com\/fr\/wp-json\/wp\/v2\/pages\/645\/revisions\/765"}],"up":[{"embeddable":true,"href":"https:\/\/www.acsr-solutions.com\/fr\/wp-json\/wp\/v2\/pages\/637"}],"wp:attachment":[{"href":"https:\/\/www.acsr-solutions.com\/fr\/wp-json\/wp\/v2\/media?parent=645"}],"curies":[{"name":"wp","href":"https:\/\/api.w.org\/{rel}","templated":true}]}}