{"id":647,"date":"2015-09-07T10:20:25","date_gmt":"2015-09-07T10:20:25","guid":{"rendered":"http:\/\/www.acsr-solutions.com\/fr\/?page_id=647"},"modified":"2017-03-28T08:35:47","modified_gmt":"2017-03-28T08:35:47","slug":"paccontrol","status":"publish","type":"page","link":"https:\/\/www.acsr-solutions.com\/fr\/automatisation\/paccontrol\/","title":{"rendered":"PacControl"},"content":{"rendered":"<p class=\"teaser\">Pour lignes de conditionnement sous blister et encartonneuse<\/p>\n<p>PacControl int\u00e8gre toutes les commandes d&rsquo;une machine dans une seule interface. Ainsi, vous pouvez par exemple sauvegarder le code pharmaceutique et les d\u00e9tails d&rsquo;impression dans la recette du produit. Nous proposons \u00e9galement, en option, une commande centralis\u00e9e de l\u2019int\u00e9gralit\u00e9 de la ligne.<\/p>\n<p>PacControl peut aussi \u00eatre int\u00e9gr\u00e9 \u00e0 votre r\u00e9seau de votre entreprise.<\/p>\n<h2>Fonctionnalit\u00e9s<a href=\"\/wp-content\/uploads\/2015\/09\/paccontrol-screenshot.jpg\" rel=\"attachment wp-att-506\" data-rel=\"lightbox-image-0\" data-rl_title=\"\" data-rl_caption=\"\" title=\"\"><img loading=\"lazy\" class=\"alignright size-medium wp-image-506\" src=\"\/wp-content\/uploads\/2015\/09\/paccontrol-screenshot-240x300.jpg\" alt=\"PacControl f\u00fcr Blisterlinien und Kartonierer\" width=\"240\" height=\"300\" srcset=\"https:\/\/www.acsr-solutions.com\/wp-content\/uploads\/2015\/09\/paccontrol-screenshot-240x300.jpg 240w, https:\/\/www.acsr-solutions.com\/wp-content\/uploads\/2015\/09\/paccontrol-screenshot-180x225.jpg 180w, https:\/\/www.acsr-solutions.com\/wp-content\/uploads\/2015\/09\/paccontrol-screenshot-48x60.jpg 48w, https:\/\/www.acsr-solutions.com\/wp-content\/uploads\/2015\/09\/paccontrol-screenshot.jpg 683w\" sizes=\"(max-width: 240px) 100vw, 240px\" \/><\/a><\/h2>\n<ul class=\"listeStandard\">\n<li class=\"abstandRechts\">Solutions pour la s\u00e9rialisation et protection contre les contrefa\u00e7ons<\/li>\n<li class=\"abstandRechts\">Int\u00e9gration d&rsquo;imprimante, de cam\u00e9ras, et de syst\u00e8me de lecture de code pharmaceutique dans l&rsquo;interface utilisateur<\/li>\n<li class=\"abstandRechts\">Int\u00e9gration de syst\u00e8mes MES, ERP et de s\u00e9rialisation et\/ou de suivi de colis<\/li>\n<li class=\"abstandRechts\">Contr\u00f4le et gestion de tous les ensembles de machine<\/li>\n<li class=\"abstandRechts\">Interface des appareils p\u00e9riph\u00e9riques pr\u00e9c\u00e9dant et suivant<\/li>\n<li>Gestion des pr\u00e9parations de diff\u00e9rents formats<\/li>\n<li>Contr\u00f4le des cames g\u00e9rer par logiciel<\/li>\n<\/ul>\n<p>&nbsp;<\/p>\n<h2>R\u00e9f\u00e9rences<\/h2>\n<h3>Blister<\/h3>\n<ul class=\"listeStandard\">\n<li>IMA : Winpack TR130, TR135<\/li>\n<li>Horn Noack : DPN 760<\/li>\n<\/ul>\n<h3>Encartonneuse<\/h3>\n<ul class=\"listeStandard\">\n<li>Uhlmann : C100<\/li>\n<li>IMA : A83<\/li>\n<\/ul>\n<figure id=\"attachment_331\" aria-describedby=\"caption-attachment-331\" style=\"width: 260px\" class=\"wp-caption alignleft\"><img loading=\"lazy\" class=\"size-full wp-image-331\" src=\"\/wp-content\/uploads\/2015\/09\/pac-control-praegestation-acsr.gif\" alt=\"Austausch der Pr\u00e4gestation gegen ein Drucksystem mit integrierter Kamera zur \u00dcberpr\u00fcfung des Druckergebnisses.\" width=\"260\" height=\"194\" \/><figcaption id=\"caption-attachment-331\" class=\"wp-caption-text\">\u00c9change de la machine de marquage contre un syst\u00e8me d&rsquo;impression avec cam\u00e9ra int\u00e9gr\u00e9e pour contr\u00f4ler les r\u00e9sultats d&rsquo;impression.<\/figcaption><\/figure>\n","protected":false},"excerpt":{"rendered":"<p>Pour lignes de conditionnement sous blister et encartonneuse PacControl int\u00e8gre toutes les commandes d&rsquo;une machine dans une seule interface. Ainsi, vous pouvez par exemple sauvegarder le code pharmaceutique et les d\u00e9tails d&rsquo;impression dans la recette du produit. Nous proposons \u00e9galement, en option, une commande centralis\u00e9e de l\u2019int\u00e9gralit\u00e9 de la ligne. PacControl peut aussi \u00eatre int\u00e9gr\u00e9 [&hellip;]<\/p>\n","protected":false},"author":2,"featured_media":0,"parent":637,"menu_order":4,"comment_status":"closed","ping_status":"closed","template":"","meta":[],"yoast_head":"<!-- This site is optimized with the Yoast SEO plugin v16.1.1 - https:\/\/yoast.com\/wordpress\/plugins\/seo\/ -->\n<link rel=\"canonical\" href=\"https:\/\/www.acsr-solutions.com\/fr\/automatisation\/paccontrol\/\" \/>\n<meta property=\"og:locale\" content=\"fr_FR\" \/>\n<meta property=\"og:type\" content=\"article\" \/>\n<meta property=\"og:title\" content=\"PacControl - ACSR Solutions\" \/>\n<meta property=\"og:description\" content=\"Pour lignes de conditionnement sous blister et encartonneuse PacControl int\u00e8gre toutes les commandes d&rsquo;une machine dans une seule interface. Ainsi, vous pouvez par exemple sauvegarder le code pharmaceutique et les d\u00e9tails d&rsquo;impression dans la recette du produit. Nous proposons \u00e9galement, en option, une commande centralis\u00e9e de l\u2019int\u00e9gralit\u00e9 de la ligne. PacControl peut aussi \u00eatre int\u00e9gr\u00e9 [&hellip;]\" \/>\n<meta property=\"og:url\" content=\"https:\/\/www.acsr-solutions.com\/fr\/automatisation\/paccontrol\/\" \/>\n<meta property=\"og:site_name\" content=\"ACSR Solutions\" \/>\n<meta property=\"article:modified_time\" content=\"2017-03-28T08:35:47+00:00\" \/>\n<meta property=\"og:image\" content=\"https:\/\/www.acsr-solutions.com\/wp-content\/uploads\/2015\/09\/paccontrol-screenshot-240x300.jpg\" \/>\n<meta name=\"twitter:card\" content=\"summary\" \/>\n<meta name=\"twitter:label1\" content=\"Dur\u00e9e de lecture est.\">\n\t<meta name=\"twitter:data1\" content=\"1 minute\">\n<script type=\"application\/ld+json\" class=\"yoast-schema-graph\">{\"@context\":\"https:\/\/schema.org\",\"@graph\":[{\"@type\":\"WebSite\",\"@id\":\"https:\/\/www.acsr-solutions.com\/#website\",\"url\":\"https:\/\/www.acsr-solutions.com\/\",\"name\":\"ACSR Solutions\",\"description\":\"Eine weitere WordPress-Seite\",\"potentialAction\":[{\"@type\":\"SearchAction\",\"target\":\"https:\/\/www.acsr-solutions.com\/?s={search_term_string}\",\"query-input\":\"required name=search_term_string\"}],\"inLanguage\":\"fr-FR\"},{\"@type\":\"ImageObject\",\"@id\":\"https:\/\/www.acsr-solutions.com\/fr\/automatisation\/paccontrol\/#primaryimage\",\"inLanguage\":\"fr-FR\",\"url\":\"\/wp-content\/uploads\/2015\/09\/paccontrol-screenshot-240x300.jpg\",\"contentUrl\":\"\/wp-content\/uploads\/2015\/09\/paccontrol-screenshot-240x300.jpg\"},{\"@type\":\"WebPage\",\"@id\":\"https:\/\/www.acsr-solutions.com\/fr\/automatisation\/paccontrol\/#webpage\",\"url\":\"https:\/\/www.acsr-solutions.com\/fr\/automatisation\/paccontrol\/\",\"name\":\"PacControl - ACSR Solutions\",\"isPartOf\":{\"@id\":\"https:\/\/www.acsr-solutions.com\/#website\"},\"primaryImageOfPage\":{\"@id\":\"https:\/\/www.acsr-solutions.com\/fr\/automatisation\/paccontrol\/#primaryimage\"},\"datePublished\":\"2015-09-07T10:20:25+00:00\",\"dateModified\":\"2017-03-28T08:35:47+00:00\",\"breadcrumb\":{\"@id\":\"https:\/\/www.acsr-solutions.com\/fr\/automatisation\/paccontrol\/#breadcrumb\"},\"inLanguage\":\"fr-FR\",\"potentialAction\":[{\"@type\":\"ReadAction\",\"target\":[\"https:\/\/www.acsr-solutions.com\/fr\/automatisation\/paccontrol\/\"]}]},{\"@type\":\"BreadcrumbList\",\"@id\":\"https:\/\/www.acsr-solutions.com\/fr\/automatisation\/paccontrol\/#breadcrumb\",\"itemListElement\":[{\"@type\":\"ListItem\",\"position\":1,\"item\":{\"@type\":\"WebPage\",\"@id\":\"https:\/\/www.acsr-solutions.com\/fr\/\",\"url\":\"https:\/\/www.acsr-solutions.com\/fr\/\",\"name\":\"Home\"}},{\"@type\":\"ListItem\",\"position\":2,\"item\":{\"@type\":\"WebPage\",\"@id\":\"https:\/\/www.acsr-solutions.com\/fr\/automatisation\/\",\"url\":\"https:\/\/www.acsr-solutions.com\/fr\/automatisation\/\",\"name\":\"Automatisation\"}},{\"@type\":\"ListItem\",\"position\":3,\"item\":{\"@type\":\"WebPage\",\"@id\":\"https:\/\/www.acsr-solutions.com\/fr\/automatisation\/paccontrol\/\",\"url\":\"https:\/\/www.acsr-solutions.com\/fr\/automatisation\/paccontrol\/\",\"name\":\"PacControl\"}}]}]}<\/script>\n<!-- \/ Yoast SEO plugin. -->","_links":{"self":[{"href":"https:\/\/www.acsr-solutions.com\/fr\/wp-json\/wp\/v2\/pages\/647"}],"collection":[{"href":"https:\/\/www.acsr-solutions.com\/fr\/wp-json\/wp\/v2\/pages"}],"about":[{"href":"https:\/\/www.acsr-solutions.com\/fr\/wp-json\/wp\/v2\/types\/page"}],"author":[{"embeddable":true,"href":"https:\/\/www.acsr-solutions.com\/fr\/wp-json\/wp\/v2\/users\/2"}],"replies":[{"embeddable":true,"href":"https:\/\/www.acsr-solutions.com\/fr\/wp-json\/wp\/v2\/comments?post=647"}],"version-history":[{"count":4,"href":"https:\/\/www.acsr-solutions.com\/fr\/wp-json\/wp\/v2\/pages\/647\/revisions"}],"predecessor-version":[{"id":792,"href":"https:\/\/www.acsr-solutions.com\/fr\/wp-json\/wp\/v2\/pages\/647\/revisions\/792"}],"up":[{"embeddable":true,"href":"https:\/\/www.acsr-solutions.com\/fr\/wp-json\/wp\/v2\/pages\/637"}],"wp:attachment":[{"href":"https:\/\/www.acsr-solutions.com\/fr\/wp-json\/wp\/v2\/media?parent=647"}],"curies":[{"name":"wp","href":"https:\/\/api.w.org\/{rel}","templated":true}]}}