{"id":649,"date":"2015-09-07T10:21:09","date_gmt":"2015-09-07T10:21:09","guid":{"rendered":"http:\/\/www.acsr-solutions.com\/fr\/?page_id=649"},"modified":"2016-11-04T08:38:02","modified_gmt":"2016-11-04T08:38:02","slug":"mixcontrol","status":"publish","type":"page","link":"https:\/\/www.acsr-solutions.com\/fr\/automatisation\/mixcontrol\/","title":{"rendered":"MixControl"},"content":{"rendered":"<p class=\"teaser\">Pour m\u00e9langeur<\/p>\n<p>MixControl est modulable pour une gestion optimale et peut ainsi commander des m\u00e9langeurs de conteneurs, des m\u00e9langeurs \u00e0 haut cisaillement et m\u00eame des installations de fabrication. L&rsquo;automatisation commande aussi bien les processus de m\u00e9lange simples que les processus complexes de fabrication des produits.<\/p>\n<h2>Fonctionnalit\u00e9s<\/h2>\n<figure id=\"attachment_508\" aria-describedby=\"caption-attachment-508\" style=\"width: 240px\" class=\"wp-caption alignright\"><a href=\"\/wp-content\/uploads\/2015\/09\/mixcontrol-screenshot.jpg\" rel=\"attachment wp-att-508\" data-rel=\"lightbox-image-0\" data-rl_title=\"\" data-rl_caption=\"\" title=\"\"><img loading=\"lazy\" class=\"size-medium wp-image-508\" src=\"\/wp-content\/uploads\/2015\/09\/mixcontrol-screenshot-240x300.jpg\" alt=\"MixControl f\u00fcr Mischer\" width=\"240\" height=\"300\" srcset=\"https:\/\/www.acsr-solutions.com\/wp-content\/uploads\/2015\/09\/mixcontrol-screenshot-240x300.jpg 240w, https:\/\/www.acsr-solutions.com\/wp-content\/uploads\/2015\/09\/mixcontrol-screenshot-180x225.jpg 180w, https:\/\/www.acsr-solutions.com\/wp-content\/uploads\/2015\/09\/mixcontrol-screenshot-48x60.jpg 48w, https:\/\/www.acsr-solutions.com\/wp-content\/uploads\/2015\/09\/mixcontrol-screenshot.jpg 640w\" sizes=\"(max-width: 240px) 100vw, 240px\" \/><\/a><figcaption id=\"caption-attachment-508\" class=\"wp-caption-text\">MixControl<\/figcaption><\/figure>\n<ul class=\"listeStandard\">\n<li class=\"abstandRechts\">Visualisation de l&rsquo;installation par graphique <\/li>\n<li class=\"abstandRechts\">Gestion et contr\u00f4le des processus<\/li>\n<li class=\"abstandRechts\">Contr\u00f4le manuel et automatique des agr\u00e9gats<\/li>\n<li class=\"abstandRechts\">Les \u00e9tapes du processus et de leur s\u00e9quences sont s\u00e9lectionnables pour de la production ou du nettoyage<\/li>\n<li class=\"abstandRechts\">Commande des installations et \u00e9quipements secondaires<\/li>\n<li class=\"abstandRechts\">Sauvegarde des donn\u00e9es du processus dans une base de donn\u00e9es<\/li>\n<li>Les donn\u00e9es de production peuvent \u00eatre affich\u00e9es sous forme graphique<\/li>\n<\/ul>\n<p>&nbsp;<\/p>\n<figure id=\"attachment_292\" aria-describedby=\"caption-attachment-292\" style=\"width: 225px\" class=\"wp-caption alignnone\"><a href=\"\/wp-content\/uploads\/2015\/09\/mix-control-erneuerung-schaltschrank.jpg\" data-rel=\"lightbox-image-1\" data-rl_title=\"\" data-rl_caption=\"\" title=\"\"><img loading=\"lazy\" class=\"size-medium wp-image-292\" src=\"\/wp-content\/uploads\/2015\/09\/mix-control-erneuerung-schaltschrank-225x300.jpg\" alt=\"Erneuerung Schaltschrank\" width=\"225\" height=\"300\" srcset=\"https:\/\/www.acsr-solutions.com\/wp-content\/uploads\/2015\/09\/mix-control-erneuerung-schaltschrank-225x300.jpg 225w, https:\/\/www.acsr-solutions.com\/wp-content\/uploads\/2015\/09\/mix-control-erneuerung-schaltschrank-180x240.jpg 180w, https:\/\/www.acsr-solutions.com\/wp-content\/uploads\/2015\/09\/mix-control-erneuerung-schaltschrank-45x60.jpg 45w, https:\/\/www.acsr-solutions.com\/wp-content\/uploads\/2015\/09\/mix-control-erneuerung-schaltschrank.jpg 450w\" sizes=\"(max-width: 225px) 100vw, 225px\" \/><\/a><figcaption id=\"caption-attachment-292\" class=\"wp-caption-text\">Renouvellement de l&rsquo;armoire de commande<\/figcaption><\/figure>\n<h2>R\u00e9f\u00e9rences <\/h2>\n<h3>Haut cisaillement<\/h3>\n<ul class=\"listeStandard\">\n<li>Collette : Gral 600<\/li>\n<\/ul>\n<h3>Conteneur<\/h3>\n<ul class=\"listeStandard\">\n<li>Bohle : MC800<\/li>\n<li>Servorlift : M\u00e9langeurs de conteneurs<\/li>\n<\/ul>\n","protected":false},"excerpt":{"rendered":"<p>Pour m\u00e9langeur MixControl est modulable pour une gestion optimale et peut ainsi commander des m\u00e9langeurs de conteneurs, des m\u00e9langeurs \u00e0 haut cisaillement et m\u00eame des installations de fabrication. L&rsquo;automatisation commande aussi bien les processus de m\u00e9lange simples que les processus complexes de fabrication des produits. Fonctionnalit\u00e9s Visualisation de l&rsquo;installation par graphique Gestion et contr\u00f4le des [&hellip;]<\/p>\n","protected":false},"author":2,"featured_media":0,"parent":637,"menu_order":5,"comment_status":"closed","ping_status":"closed","template":"","meta":[],"yoast_head":"<!-- This site is optimized with the Yoast SEO plugin v16.1.1 - https:\/\/yoast.com\/wordpress\/plugins\/seo\/ -->\n<link rel=\"canonical\" href=\"https:\/\/www.acsr-solutions.com\/fr\/automatisation\/mixcontrol\/\" \/>\n<meta property=\"og:locale\" content=\"fr_FR\" \/>\n<meta property=\"og:type\" content=\"article\" \/>\n<meta property=\"og:title\" content=\"MixControl - ACSR Solutions\" \/>\n<meta property=\"og:description\" content=\"Pour m\u00e9langeur MixControl est modulable pour une gestion optimale et peut ainsi commander des m\u00e9langeurs de conteneurs, des m\u00e9langeurs \u00e0 haut cisaillement et m\u00eame des installations de fabrication. L&rsquo;automatisation commande aussi bien les processus de m\u00e9lange simples que les processus complexes de fabrication des produits. Fonctionnalit\u00e9s Visualisation de l&rsquo;installation par graphique Gestion et contr\u00f4le des [&hellip;]\" \/>\n<meta property=\"og:url\" content=\"https:\/\/www.acsr-solutions.com\/fr\/automatisation\/mixcontrol\/\" \/>\n<meta property=\"og:site_name\" content=\"ACSR Solutions\" \/>\n<meta property=\"article:modified_time\" content=\"2016-11-04T08:38:02+00:00\" \/>\n<meta property=\"og:image\" content=\"https:\/\/www.acsr-solutions.com\/wp-content\/uploads\/2015\/09\/mixcontrol-screenshot-240x300.jpg\" \/>\n<meta name=\"twitter:card\" content=\"summary\" \/>\n<meta name=\"twitter:label1\" content=\"Dur\u00e9e de lecture est.\">\n\t<meta name=\"twitter:data1\" content=\"1 minute\">\n<script type=\"application\/ld+json\" class=\"yoast-schema-graph\">{\"@context\":\"https:\/\/schema.org\",\"@graph\":[{\"@type\":\"WebSite\",\"@id\":\"https:\/\/www.acsr-solutions.com\/#website\",\"url\":\"https:\/\/www.acsr-solutions.com\/\",\"name\":\"ACSR Solutions\",\"description\":\"Eine weitere WordPress-Seite\",\"potentialAction\":[{\"@type\":\"SearchAction\",\"target\":\"https:\/\/www.acsr-solutions.com\/?s={search_term_string}\",\"query-input\":\"required name=search_term_string\"}],\"inLanguage\":\"fr-FR\"},{\"@type\":\"ImageObject\",\"@id\":\"https:\/\/www.acsr-solutions.com\/fr\/automatisation\/mixcontrol\/#primaryimage\",\"inLanguage\":\"fr-FR\",\"url\":\"\/wp-content\/uploads\/2015\/09\/mixcontrol-screenshot-240x300.jpg\",\"contentUrl\":\"\/wp-content\/uploads\/2015\/09\/mixcontrol-screenshot-240x300.jpg\"},{\"@type\":\"WebPage\",\"@id\":\"https:\/\/www.acsr-solutions.com\/fr\/automatisation\/mixcontrol\/#webpage\",\"url\":\"https:\/\/www.acsr-solutions.com\/fr\/automatisation\/mixcontrol\/\",\"name\":\"MixControl - ACSR Solutions\",\"isPartOf\":{\"@id\":\"https:\/\/www.acsr-solutions.com\/#website\"},\"primaryImageOfPage\":{\"@id\":\"https:\/\/www.acsr-solutions.com\/fr\/automatisation\/mixcontrol\/#primaryimage\"},\"datePublished\":\"2015-09-07T10:21:09+00:00\",\"dateModified\":\"2016-11-04T08:38:02+00:00\",\"breadcrumb\":{\"@id\":\"https:\/\/www.acsr-solutions.com\/fr\/automatisation\/mixcontrol\/#breadcrumb\"},\"inLanguage\":\"fr-FR\",\"potentialAction\":[{\"@type\":\"ReadAction\",\"target\":[\"https:\/\/www.acsr-solutions.com\/fr\/automatisation\/mixcontrol\/\"]}]},{\"@type\":\"BreadcrumbList\",\"@id\":\"https:\/\/www.acsr-solutions.com\/fr\/automatisation\/mixcontrol\/#breadcrumb\",\"itemListElement\":[{\"@type\":\"ListItem\",\"position\":1,\"item\":{\"@type\":\"WebPage\",\"@id\":\"https:\/\/www.acsr-solutions.com\/fr\/\",\"url\":\"https:\/\/www.acsr-solutions.com\/fr\/\",\"name\":\"Home\"}},{\"@type\":\"ListItem\",\"position\":2,\"item\":{\"@type\":\"WebPage\",\"@id\":\"https:\/\/www.acsr-solutions.com\/fr\/automatisation\/\",\"url\":\"https:\/\/www.acsr-solutions.com\/fr\/automatisation\/\",\"name\":\"Automatisation\"}},{\"@type\":\"ListItem\",\"position\":3,\"item\":{\"@type\":\"WebPage\",\"@id\":\"https:\/\/www.acsr-solutions.com\/fr\/automatisation\/mixcontrol\/\",\"url\":\"https:\/\/www.acsr-solutions.com\/fr\/automatisation\/mixcontrol\/\",\"name\":\"MixControl\"}}]}]}<\/script>\n<!-- \/ Yoast SEO plugin. -->","_links":{"self":[{"href":"https:\/\/www.acsr-solutions.com\/fr\/wp-json\/wp\/v2\/pages\/649"}],"collection":[{"href":"https:\/\/www.acsr-solutions.com\/fr\/wp-json\/wp\/v2\/pages"}],"about":[{"href":"https:\/\/www.acsr-solutions.com\/fr\/wp-json\/wp\/v2\/types\/page"}],"author":[{"embeddable":true,"href":"https:\/\/www.acsr-solutions.com\/fr\/wp-json\/wp\/v2\/users\/2"}],"replies":[{"embeddable":true,"href":"https:\/\/www.acsr-solutions.com\/fr\/wp-json\/wp\/v2\/comments?post=649"}],"version-history":[{"count":3,"href":"https:\/\/www.acsr-solutions.com\/fr\/wp-json\/wp\/v2\/pages\/649\/revisions"}],"predecessor-version":[{"id":656,"href":"https:\/\/www.acsr-solutions.com\/fr\/wp-json\/wp\/v2\/pages\/649\/revisions\/656"}],"up":[{"embeddable":true,"href":"https:\/\/www.acsr-solutions.com\/fr\/wp-json\/wp\/v2\/pages\/637"}],"wp:attachment":[{"href":"https:\/\/www.acsr-solutions.com\/fr\/wp-json\/wp\/v2\/media?parent=649"}],"curies":[{"name":"wp","href":"https:\/\/api.w.org\/{rel}","templated":true}]}}