{"id":657,"date":"2015-09-07T09:41:00","date_gmt":"2015-09-07T09:41:00","guid":{"rendered":"http:\/\/www.acsr-solutions.com\/fr\/?page_id=657"},"modified":"2016-11-11T07:45:38","modified_gmt":"2016-11-11T07:45:38","slug":"consultant","status":"publish","type":"page","link":"https:\/\/www.acsr-solutions.com\/fr\/consultant\/","title":{"rendered":"Consultant"},"content":{"rendered":"<p class=\"teaser\">Nous vous conseillons, d\u00e9veloppons et accompagnons en tant que partenaire ouvert et juste d\u00e8s les premi\u00e8res id\u00e9es et jusqu&rsquo;\u00e0 ce que la mise en \u0153uvre du syst\u00e8me. Nous \u00e9valuons les produits se trouvant sur le march\u00e9 de fa\u00e7on ind\u00e9pendante vis-\u00e0-vis des int\u00e9r\u00eats des tiers. Notre service de consultant se repose sur notre exp\u00e9rience compl\u00e8te lors de d\u00e9veloppement de nos produits, la r\u00e9alisation des projets de r\u00e9novation et les nombreuses ann\u00e9es d\u2019exp\u00e9rience de notre \u00e9quipe.<\/p>\n<h2>Formation<\/h2>\n<p>L&rsquo;homme est l&rsquo;une des sources d&rsquo;erreur dans la fabrication, en particulier quand les machines et installations deviennent de plus en plus complexes. De petites erreurs peuvent ici avoir de grandes cons\u00e9quences sur les co\u00fbts de production, la qualit\u00e9 des produits, la sant\u00e9 et l&rsquo;environnement. C&rsquo;est pourquoi les formations sont indispensables pour augmenter la s\u00e9curit\u00e9 lors de l&rsquo;utilisation de l&rsquo;\u00e9quipement.<\/p>\n<p>En collaborant avec vous, nous d\u00e9veloppons des strat\u00e9gies, des documents et des exercices th\u00e9oriques et pratiques pour les formations.<\/p>\n<p class=\"trigger\">Exemples de formations d\u00e9j\u00e0 donn\u00e9es :<\/p>\n<div class=\"toggle_container\">\n<ul class=\"listeStandard\">\n<li>Formation de l&rsquo;utilisateur \u00e0 la r\u00e9alisation de comprim\u00e9s<\/li>\n<li>Formation des techniciens \u00e0 la maintenance et l&rsquo;entretien des syst\u00e8mes d&rsquo;automatisation<\/li>\n<li>Formation sur l\u2019installation et la mise en service de nos \u00e9quipements r\u00e9nov\u00e9s<\/li>\n<\/ul>\n<\/div>\n<h2>Validation<\/h2>\n<p>Pratiquement toutes les machines ou syst\u00e8mes utilis\u00e9es dans la production pharmaceutique sont assist\u00e9es par ordinateur. En parall\u00e8les, les autorit\u00e9s et organisations accroissent, de plus en plus, leur attention sur les r\u00e9glementations et directives qu\u2019exigent ce type de syst\u00e8mes. Plus un syst\u00e8me est complexe, plus sa validation sera complexe. Pour garder les d\u00e9penses et les co\u00fbts aussi faibles que possible, nous cr\u00e9ons des documents de qualification efficaces et \u00e9conomiques avec nos experts du domaine de l&rsquo;automatisation.<\/p>\n<p class=\"trigger\">Exemples de projets d\u00e9j\u00e0 r\u00e9alis\u00e9s dans le domaine de la validation des syst\u00e8mes informatiques :<\/p>\n<div class=\"toggle_container\">\n<ul class=\"listeStandard\">\n<li>\u00c9tablissement de normes de d\u00e9veloppement conformes aux GAMP<\/li>\n<li>Audits de fournisseurs<\/li>\n<li>R\u00e9alisation de projets de qualification dans le cadre de nos r\u00e9novations.<\/li>\n<\/ul>\n<\/div>\n<h2>Optimisation de processus<\/h2>\n<p>Une production efficace requiert une interaction optimale entre de nombreux facteurs, de la machine \u00e0 l&rsquo;utilisateur. Le fondement d&rsquo;une am\u00e9lioration de l&rsquo;efficacit\u00e9 d&rsquo;une installation est l&rsquo;analyse document\u00e9e de l&rsquo;ensemble du processus. Elle inclut non seulement la production mais \u00e9galement l&rsquo;\u00e9quipement, le nettoyage et tout particuli\u00e8rement la maintenance de l&rsquo;installation. Cette analyse sert de base pour le d\u00e9veloppement de la solution, Cette derni\u00e8re est ensuite mises en place et optimis\u00e9es progressivement. En fin de compte, nous obtenons une installation fiable avec un bon rendement.<\/p>\n<p class=\"trigger\">Exemples d&rsquo;optimisations de processus d\u00e9j\u00e0 r\u00e9alis\u00e9es :<\/p>\n<div class=\"toggle_container\">\n<ul class=\"listeStandard\">\n<li>Augmentation de la performance et optimisation de l&rsquo;approvisionnement des poudres sur les presses \u00e0 comprim\u00e9s<\/li>\n<li>D\u00e9veloppement d\u2019un syst\u00e8me de contr\u00f4le pour la s\u00e9lection individuelle de comprim\u00e9<\/li>\n<li>Cr\u00e9ation d&rsquo;un logiciel d&rsquo;analyse du rendement<\/li>\n<\/ul>\n<\/div>\n<h3>D\u00e9finition d&rsquo;un syst\u00e8me<\/h3>\n<p>De nouveaux march\u00e9s sont souvent associ\u00e9s \u00e0 un processus complexe de prise de d\u00e9cisions qui doivent \u00eatre durables. Et a contrario, on fait souvent le choix de nouvelles technologies avec laquelle on n&rsquo;a encore aucune exp\u00e9rience ni de recul. Gr\u00e2ce \u00e0 notre connaissance du march\u00e9 des fabricants de machines neuves, nous pouvons vous conseiller, de fa\u00e7on neutre, pour votre nouvelle acquisition. Cependant, outre les exigences technologiques, le prix et la disponibilit\u00e9 ont \u00e9galement de l&rsquo;importance. Ici, les machines d&rsquo;occasion qui sont bien entretenues et r\u00e9nov\u00e9es constituent, pour l&rsquo;industrie pharmaceutique, une alternative r\u00e9aliste aux machines neuves avec de longues p\u00e9riodes d&rsquo;approvisionnement. Avec notre partenaire, Pharma Maschinen Handelsgesellschaft, nous pouvons \u00e9galement vous conseiller sur l&rsquo;achat de et l&rsquo;installation de machines et \u00e9quipements d&rsquo;occasion en parfait \u00e9tat sur le plan technique.<\/p>\n","protected":false},"excerpt":{"rendered":"<p>Nous vous conseillons, d\u00e9veloppons et accompagnons en tant que partenaire ouvert et juste d\u00e8s les premi\u00e8res id\u00e9es et jusqu&rsquo;\u00e0 ce que la mise en \u0153uvre du syst\u00e8me. Nous \u00e9valuons les produits se trouvant sur le march\u00e9 de fa\u00e7on ind\u00e9pendante vis-\u00e0-vis des int\u00e9r\u00eats des tiers. Notre service de consultant se repose sur notre exp\u00e9rience compl\u00e8te lors [&hellip;]<\/p>\n","protected":false},"author":2,"featured_media":0,"parent":0,"menu_order":3,"comment_status":"closed","ping_status":"closed","template":"","meta":[],"yoast_head":"<!-- This site is optimized with the Yoast SEO plugin v16.1.1 - https:\/\/yoast.com\/wordpress\/plugins\/seo\/ -->\n<link rel=\"canonical\" href=\"https:\/\/www.acsr-solutions.com\/fr\/consultant\/\" \/>\n<meta property=\"og:locale\" content=\"fr_FR\" \/>\n<meta property=\"og:type\" content=\"article\" \/>\n<meta property=\"og:title\" content=\"Consultant - ACSR Solutions\" \/>\n<meta property=\"og:description\" content=\"Nous vous conseillons, d\u00e9veloppons et accompagnons en tant que partenaire ouvert et juste d\u00e8s les premi\u00e8res id\u00e9es et jusqu&rsquo;\u00e0 ce que la mise en \u0153uvre du syst\u00e8me. Nous \u00e9valuons les produits se trouvant sur le march\u00e9 de fa\u00e7on ind\u00e9pendante vis-\u00e0-vis des int\u00e9r\u00eats des tiers. Notre service de consultant se repose sur notre exp\u00e9rience compl\u00e8te lors [&hellip;]\" \/>\n<meta property=\"og:url\" content=\"https:\/\/www.acsr-solutions.com\/fr\/consultant\/\" \/>\n<meta property=\"og:site_name\" content=\"ACSR Solutions\" \/>\n<meta property=\"article:modified_time\" content=\"2016-11-11T07:45:38+00:00\" \/>\n<meta name=\"twitter:card\" content=\"summary\" \/>\n<meta name=\"twitter:label1\" content=\"Dur\u00e9e de lecture est.\">\n\t<meta name=\"twitter:data1\" content=\"3 minutes\">\n<script type=\"application\/ld+json\" class=\"yoast-schema-graph\">{\"@context\":\"https:\/\/schema.org\",\"@graph\":[{\"@type\":\"WebSite\",\"@id\":\"https:\/\/www.acsr-solutions.com\/#website\",\"url\":\"https:\/\/www.acsr-solutions.com\/\",\"name\":\"ACSR Solutions\",\"description\":\"Eine weitere WordPress-Seite\",\"potentialAction\":[{\"@type\":\"SearchAction\",\"target\":\"https:\/\/www.acsr-solutions.com\/?s={search_term_string}\",\"query-input\":\"required name=search_term_string\"}],\"inLanguage\":\"fr-FR\"},{\"@type\":\"WebPage\",\"@id\":\"https:\/\/www.acsr-solutions.com\/fr\/consultant\/#webpage\",\"url\":\"https:\/\/www.acsr-solutions.com\/fr\/consultant\/\",\"name\":\"Consultant - ACSR Solutions\",\"isPartOf\":{\"@id\":\"https:\/\/www.acsr-solutions.com\/#website\"},\"datePublished\":\"2015-09-07T09:41:00+00:00\",\"dateModified\":\"2016-11-11T07:45:38+00:00\",\"breadcrumb\":{\"@id\":\"https:\/\/www.acsr-solutions.com\/fr\/consultant\/#breadcrumb\"},\"inLanguage\":\"fr-FR\",\"potentialAction\":[{\"@type\":\"ReadAction\",\"target\":[\"https:\/\/www.acsr-solutions.com\/fr\/consultant\/\"]}]},{\"@type\":\"BreadcrumbList\",\"@id\":\"https:\/\/www.acsr-solutions.com\/fr\/consultant\/#breadcrumb\",\"itemListElement\":[{\"@type\":\"ListItem\",\"position\":1,\"item\":{\"@type\":\"WebPage\",\"@id\":\"https:\/\/www.acsr-solutions.com\/fr\/\",\"url\":\"https:\/\/www.acsr-solutions.com\/fr\/\",\"name\":\"Home\"}},{\"@type\":\"ListItem\",\"position\":2,\"item\":{\"@type\":\"WebPage\",\"@id\":\"https:\/\/www.acsr-solutions.com\/fr\/consultant\/\",\"url\":\"https:\/\/www.acsr-solutions.com\/fr\/consultant\/\",\"name\":\"Consultant\"}}]}]}<\/script>\n<!-- \/ Yoast SEO plugin. -->","_links":{"self":[{"href":"https:\/\/www.acsr-solutions.com\/fr\/wp-json\/wp\/v2\/pages\/657"}],"collection":[{"href":"https:\/\/www.acsr-solutions.com\/fr\/wp-json\/wp\/v2\/pages"}],"about":[{"href":"https:\/\/www.acsr-solutions.com\/fr\/wp-json\/wp\/v2\/types\/page"}],"author":[{"embeddable":true,"href":"https:\/\/www.acsr-solutions.com\/fr\/wp-json\/wp\/v2\/users\/2"}],"replies":[{"embeddable":true,"href":"https:\/\/www.acsr-solutions.com\/fr\/wp-json\/wp\/v2\/comments?post=657"}],"version-history":[{"count":3,"href":"https:\/\/www.acsr-solutions.com\/fr\/wp-json\/wp\/v2\/pages\/657\/revisions"}],"predecessor-version":[{"id":762,"href":"https:\/\/www.acsr-solutions.com\/fr\/wp-json\/wp\/v2\/pages\/657\/revisions\/762"}],"wp:attachment":[{"href":"https:\/\/www.acsr-solutions.com\/fr\/wp-json\/wp\/v2\/media?parent=657"}],"curies":[{"name":"wp","href":"https:\/\/api.w.org\/{rel}","templated":true}]}}