{"id":659,"date":"2015-09-26T09:20:09","date_gmt":"2015-09-26T09:20:09","guid":{"rendered":"http:\/\/www.acsr-solutions.com\/fr\/?page_id=659"},"modified":"2016-11-04T09:00:33","modified_gmt":"2016-11-04T09:00:33","slug":"service","status":"publish","type":"page","link":"https:\/\/www.acsr-solutions.com\/fr\/service\/","title":{"rendered":"Service"},"content":{"rendered":"<p class=\"teaser\">Une maintenance r\u00e9guli\u00e8re des machines augmente son rendement et garantit le fonctionnement.<\/p>\n<p>Bien entendu, nous proposons nos services pour les machines que nous r\u00e9novons, mais \u00e9galement pour les installations que vous poss\u00e9dez d\u00e9j\u00e0.<\/p>\n<p>Votre avantage : nous travaillons avec n\u2019importe quel fabricants et en ayant conscience du prix.<\/p>\n<h2>Pour vos installations de fabrication et vos machines, nous vous proposons :<\/h2>\n<ul class=\"listeStandard\">\n<li>Un service de maintenance et d\u2019\u00e9talonnage<\/li>\n<li>L&rsquo;approvisionnement en pi\u00e8ces de rechange m\u00eame pour certains composants qui ne sont plus disponibles<\/li>\n<li>L\u2019int\u00e9gration dans votre infrastructure, comme le raccordement \u00e0 vos syst\u00e8mes de gestion industrielle (MES : Manufacturing Execution System)<\/li>\n<li>Le raccordement des syst\u00e8mes p\u00e9riph\u00e9riques<\/li>\n<\/ul>\n<p>Indiquez-nous vos besoins, nous sommes l\u00e0 pour vous.<\/p>\n","protected":false},"excerpt":{"rendered":"<p>Une maintenance r\u00e9guli\u00e8re des machines augmente son rendement et garantit le fonctionnement. Bien entendu, nous proposons nos services pour les machines que nous r\u00e9novons, mais \u00e9galement pour les installations que vous poss\u00e9dez d\u00e9j\u00e0. Votre avantage : nous travaillons avec n\u2019importe quel fabricants et en ayant conscience du prix. Pour vos installations de fabrication et vos [&hellip;]<\/p>\n","protected":false},"author":2,"featured_media":0,"parent":0,"menu_order":2,"comment_status":"closed","ping_status":"closed","template":"","meta":[],"yoast_head":"<!-- This site is optimized with the Yoast SEO plugin v16.1.1 - https:\/\/yoast.com\/wordpress\/plugins\/seo\/ -->\n<link rel=\"canonical\" href=\"https:\/\/www.acsr-solutions.com\/fr\/service\/\" \/>\n<meta property=\"og:locale\" content=\"fr_FR\" \/>\n<meta property=\"og:type\" content=\"article\" \/>\n<meta property=\"og:title\" content=\"Service - ACSR Solutions\" \/>\n<meta property=\"og:description\" content=\"Une maintenance r\u00e9guli\u00e8re des machines augmente son rendement et garantit le fonctionnement. Bien entendu, nous proposons nos services pour les machines que nous r\u00e9novons, mais \u00e9galement pour les installations que vous poss\u00e9dez d\u00e9j\u00e0. Votre avantage : nous travaillons avec n\u2019importe quel fabricants et en ayant conscience du prix. Pour vos installations de fabrication et vos [&hellip;]\" \/>\n<meta property=\"og:url\" content=\"https:\/\/www.acsr-solutions.com\/fr\/service\/\" \/>\n<meta property=\"og:site_name\" content=\"ACSR Solutions\" \/>\n<meta property=\"article:modified_time\" content=\"2016-11-04T09:00:33+00:00\" \/>\n<meta name=\"twitter:card\" content=\"summary\" \/>\n<meta name=\"twitter:label1\" content=\"Dur\u00e9e de lecture est.\">\n\t<meta name=\"twitter:data1\" content=\"1 minute\">\n<script type=\"application\/ld+json\" class=\"yoast-schema-graph\">{\"@context\":\"https:\/\/schema.org\",\"@graph\":[{\"@type\":\"WebSite\",\"@id\":\"https:\/\/www.acsr-solutions.com\/#website\",\"url\":\"https:\/\/www.acsr-solutions.com\/\",\"name\":\"ACSR Solutions\",\"description\":\"Eine weitere WordPress-Seite\",\"potentialAction\":[{\"@type\":\"SearchAction\",\"target\":\"https:\/\/www.acsr-solutions.com\/?s={search_term_string}\",\"query-input\":\"required name=search_term_string\"}],\"inLanguage\":\"fr-FR\"},{\"@type\":\"WebPage\",\"@id\":\"https:\/\/www.acsr-solutions.com\/fr\/service\/#webpage\",\"url\":\"https:\/\/www.acsr-solutions.com\/fr\/service\/\",\"name\":\"Service - ACSR Solutions\",\"isPartOf\":{\"@id\":\"https:\/\/www.acsr-solutions.com\/#website\"},\"datePublished\":\"2015-09-26T09:20:09+00:00\",\"dateModified\":\"2016-11-04T09:00:33+00:00\",\"breadcrumb\":{\"@id\":\"https:\/\/www.acsr-solutions.com\/fr\/service\/#breadcrumb\"},\"inLanguage\":\"fr-FR\",\"potentialAction\":[{\"@type\":\"ReadAction\",\"target\":[\"https:\/\/www.acsr-solutions.com\/fr\/service\/\"]}]},{\"@type\":\"BreadcrumbList\",\"@id\":\"https:\/\/www.acsr-solutions.com\/fr\/service\/#breadcrumb\",\"itemListElement\":[{\"@type\":\"ListItem\",\"position\":1,\"item\":{\"@type\":\"WebPage\",\"@id\":\"https:\/\/www.acsr-solutions.com\/fr\/\",\"url\":\"https:\/\/www.acsr-solutions.com\/fr\/\",\"name\":\"Home\"}},{\"@type\":\"ListItem\",\"position\":2,\"item\":{\"@type\":\"WebPage\",\"@id\":\"https:\/\/www.acsr-solutions.com\/fr\/service\/\",\"url\":\"https:\/\/www.acsr-solutions.com\/fr\/service\/\",\"name\":\"Service\"}}]}]}<\/script>\n<!-- \/ Yoast SEO plugin. -->","_links":{"self":[{"href":"https:\/\/www.acsr-solutions.com\/fr\/wp-json\/wp\/v2\/pages\/659"}],"collection":[{"href":"https:\/\/www.acsr-solutions.com\/fr\/wp-json\/wp\/v2\/pages"}],"about":[{"href":"https:\/\/www.acsr-solutions.com\/fr\/wp-json\/wp\/v2\/types\/page"}],"author":[{"embeddable":true,"href":"https:\/\/www.acsr-solutions.com\/fr\/wp-json\/wp\/v2\/users\/2"}],"replies":[{"embeddable":true,"href":"https:\/\/www.acsr-solutions.com\/fr\/wp-json\/wp\/v2\/comments?post=659"}],"version-history":[{"count":1,"href":"https:\/\/www.acsr-solutions.com\/fr\/wp-json\/wp\/v2\/pages\/659\/revisions"}],"predecessor-version":[{"id":660,"href":"https:\/\/www.acsr-solutions.com\/fr\/wp-json\/wp\/v2\/pages\/659\/revisions\/660"}],"wp:attachment":[{"href":"https:\/\/www.acsr-solutions.com\/fr\/wp-json\/wp\/v2\/media?parent=659"}],"curies":[{"name":"wp","href":"https:\/\/api.w.org\/{rel}","templated":true}]}}