{"id":661,"date":"2015-09-07T09:41:48","date_gmt":"2015-09-07T09:41:48","guid":{"rendered":"http:\/\/www.acsr-solutions.com\/fr\/?page_id=661"},"modified":"2016-11-11T10:35:00","modified_gmt":"2016-11-11T10:35:00","slug":"modernisation","status":"publish","type":"page","link":"https:\/\/www.acsr-solutions.com\/fr\/modernisation\/","title":{"rendered":"Retrofit"},"content":{"rendered":"<p class=\"teaser\">Les projets de modernisation sur mesure que nous vous proposons sont adapt\u00e9s individuellement en fonction de vos souhaits. Ils s&rsquo;\u00e9tendent de la r\u00e9novation d&rsquo;un groupe d&rsquo;assemblage \u00e0 la r\u00e9novation g\u00e9n\u00e9rale en passant par le renouvellement des composants de contr\u00f4le. Pour les composants de contr\u00f4le, nous utilisons \u00e9videmment des produits du secteur de l&rsquo;automatisation.<\/p>\n<p>Une r\u00e9novation inclut :<\/p>\n<ul class=\"listeStandard\">\n<li>Une expertise de votre installation<\/li>\n<li>\u00c9laboration conjointe de vos besoins (cahier des charges)<\/li>\n<li>Approvisionnement et pr\u00e9-montage des composants, y compris du coffret \u00e9lectrique<\/li>\n<li>La r\u00e9novation peut s\u2019effectuer dans nos locaux ou sur site<\/li>\n<li>Validation de l\u2019installation (FAT et\/ou SAT)<\/li>\n<li>Mise en service, dont l\u2019\u00e9talonnage, la qualification et la formation<\/li>\n<\/ul>\n<p>Bien entendu, nous accordons une garantie sur toutes les pi\u00e8ces et services.<\/p>\n<h2>Projets de modernisation, exemples :<\/h2>\n<p><a class=\"linkMitRotemPfeilDavor\" title=\"Exemples de projets de modernisation de machines d\u2019emballage\" href=\"\/fr\/modernisation\/exemples-de-projets-de-modernisation-de-machines-demballage\/\">Exemples de projets de modernisation de machines d&#8217;emballage<\/a><\/p>\n<p><a class=\"linkMitRotemPfeilDavor\" title=\"Exemples de projets de modernisation de presses \u00e0 comprim\u00e9s\" href=\"\/fr\/modernisation\/exemples-de-projets-de-modernisation-de-presses-a-comprimes\/\">Exemples de projets de modernisation de presses \u00e0 comprim\u00e9s<\/a><\/p>\n","protected":false},"excerpt":{"rendered":"<p>Les projets de modernisation sur mesure que nous vous proposons sont adapt\u00e9s individuellement en fonction de vos souhaits. Ils s&rsquo;\u00e9tendent de la r\u00e9novation d&rsquo;un groupe d&rsquo;assemblage \u00e0 la r\u00e9novation g\u00e9n\u00e9rale en passant par le renouvellement des composants de contr\u00f4le. Pour les composants de contr\u00f4le, nous utilisons \u00e9videmment des produits du secteur de l&rsquo;automatisation. Une r\u00e9novation [&hellip;]<\/p>\n","protected":false},"author":2,"featured_media":0,"parent":0,"menu_order":4,"comment_status":"closed","ping_status":"closed","template":"","meta":[],"yoast_head":"<!-- This site is optimized with the Yoast SEO plugin v16.1.1 - https:\/\/yoast.com\/wordpress\/plugins\/seo\/ -->\n<link rel=\"canonical\" href=\"https:\/\/www.acsr-solutions.com\/fr\/modernisation\/\" \/>\n<meta property=\"og:locale\" content=\"fr_FR\" \/>\n<meta property=\"og:type\" content=\"article\" \/>\n<meta property=\"og:title\" content=\"Retrofit - ACSR Solutions\" \/>\n<meta property=\"og:description\" content=\"Les projets de modernisation sur mesure que nous vous proposons sont adapt\u00e9s individuellement en fonction de vos souhaits. Ils s&rsquo;\u00e9tendent de la r\u00e9novation d&rsquo;un groupe d&rsquo;assemblage \u00e0 la r\u00e9novation g\u00e9n\u00e9rale en passant par le renouvellement des composants de contr\u00f4le. Pour les composants de contr\u00f4le, nous utilisons \u00e9videmment des produits du secteur de l&rsquo;automatisation. Une r\u00e9novation [&hellip;]\" \/>\n<meta property=\"og:url\" content=\"https:\/\/www.acsr-solutions.com\/fr\/modernisation\/\" \/>\n<meta property=\"og:site_name\" content=\"ACSR Solutions\" \/>\n<meta property=\"article:modified_time\" content=\"2016-11-11T10:35:00+00:00\" \/>\n<meta name=\"twitter:card\" content=\"summary\" \/>\n<meta name=\"twitter:label1\" content=\"Dur\u00e9e de lecture est.\">\n\t<meta name=\"twitter:data1\" content=\"1 minute\">\n<script type=\"application\/ld+json\" class=\"yoast-schema-graph\">{\"@context\":\"https:\/\/schema.org\",\"@graph\":[{\"@type\":\"WebSite\",\"@id\":\"https:\/\/www.acsr-solutions.com\/#website\",\"url\":\"https:\/\/www.acsr-solutions.com\/\",\"name\":\"ACSR Solutions\",\"description\":\"Eine weitere WordPress-Seite\",\"potentialAction\":[{\"@type\":\"SearchAction\",\"target\":\"https:\/\/www.acsr-solutions.com\/?s={search_term_string}\",\"query-input\":\"required name=search_term_string\"}],\"inLanguage\":\"fr-FR\"},{\"@type\":\"WebPage\",\"@id\":\"https:\/\/www.acsr-solutions.com\/fr\/modernisation\/#webpage\",\"url\":\"https:\/\/www.acsr-solutions.com\/fr\/modernisation\/\",\"name\":\"Retrofit - ACSR Solutions\",\"isPartOf\":{\"@id\":\"https:\/\/www.acsr-solutions.com\/#website\"},\"datePublished\":\"2015-09-07T09:41:48+00:00\",\"dateModified\":\"2016-11-11T10:35:00+00:00\",\"breadcrumb\":{\"@id\":\"https:\/\/www.acsr-solutions.com\/fr\/modernisation\/#breadcrumb\"},\"inLanguage\":\"fr-FR\",\"potentialAction\":[{\"@type\":\"ReadAction\",\"target\":[\"https:\/\/www.acsr-solutions.com\/fr\/modernisation\/\"]}]},{\"@type\":\"BreadcrumbList\",\"@id\":\"https:\/\/www.acsr-solutions.com\/fr\/modernisation\/#breadcrumb\",\"itemListElement\":[{\"@type\":\"ListItem\",\"position\":1,\"item\":{\"@type\":\"WebPage\",\"@id\":\"https:\/\/www.acsr-solutions.com\/fr\/\",\"url\":\"https:\/\/www.acsr-solutions.com\/fr\/\",\"name\":\"Home\"}},{\"@type\":\"ListItem\",\"position\":2,\"item\":{\"@type\":\"WebPage\",\"@id\":\"https:\/\/www.acsr-solutions.com\/fr\/modernisation\/\",\"url\":\"https:\/\/www.acsr-solutions.com\/fr\/modernisation\/\",\"name\":\"Retrofit\"}}]}]}<\/script>\n<!-- \/ Yoast SEO plugin. -->","_links":{"self":[{"href":"https:\/\/www.acsr-solutions.com\/fr\/wp-json\/wp\/v2\/pages\/661"}],"collection":[{"href":"https:\/\/www.acsr-solutions.com\/fr\/wp-json\/wp\/v2\/pages"}],"about":[{"href":"https:\/\/www.acsr-solutions.com\/fr\/wp-json\/wp\/v2\/types\/page"}],"author":[{"embeddable":true,"href":"https:\/\/www.acsr-solutions.com\/fr\/wp-json\/wp\/v2\/users\/2"}],"replies":[{"embeddable":true,"href":"https:\/\/www.acsr-solutions.com\/fr\/wp-json\/wp\/v2\/comments?post=661"}],"version-history":[{"count":4,"href":"https:\/\/www.acsr-solutions.com\/fr\/wp-json\/wp\/v2\/pages\/661\/revisions"}],"predecessor-version":[{"id":768,"href":"https:\/\/www.acsr-solutions.com\/fr\/wp-json\/wp\/v2\/pages\/661\/revisions\/768"}],"wp:attachment":[{"href":"https:\/\/www.acsr-solutions.com\/fr\/wp-json\/wp\/v2\/media?parent=661"}],"curies":[{"name":"wp","href":"https:\/\/api.w.org\/{rel}","templated":true}]}}