{"id":663,"date":"2016-11-04T09:13:03","date_gmt":"2016-11-04T09:13:03","guid":{"rendered":"http:\/\/www.acsr-solutions.com\/fr\/?page_id=663"},"modified":"2016-11-04T09:13:03","modified_gmt":"2016-11-04T09:13:03","slug":"exemples-de-projets-de-modernisation-de-machines-demballage","status":"publish","type":"page","link":"https:\/\/www.acsr-solutions.com\/fr\/modernisation\/exemples-de-projets-de-modernisation-de-machines-demballage\/","title":{"rendered":"Exemples de projets de modernisation de machines d&#8217;emballage"},"content":{"rendered":"<h2>R\u00e9novations &#8211; lignes d&#8217;emballage<\/h2>\n<p>Solutions d\u00e9taill\u00e9es :<\/p>\n<p>Surveillance du pharma code<\/p>\n<p><img loading=\"lazy\" class=\"alignnone size-full wp-image-375\" src=\"\/wp-content\/uploads\/2015\/09\/pharmacode-ueberwachung.jpg\" alt=\"Pharmacode-\u00dcberwachung\" width=\"170\" height=\"227\" srcset=\"https:\/\/www.acsr-solutions.com\/wp-content\/uploads\/2015\/09\/pharmacode-ueberwachung.jpg 170w, https:\/\/www.acsr-solutions.com\/wp-content\/uploads\/2015\/09\/pharmacode-ueberwachung-45x60.jpg 45w\" sizes=\"(max-width: 170px) 100vw, 170px\" \/><\/p>\n<p>&nbsp;<\/p>\n<p>S\u00e9rialisation int\u00e9gr\u00e9e \u00e0 la machine<\/p>\n<p><img loading=\"lazy\" class=\"alignnone size-full wp-image-376\" src=\"\/wp-content\/uploads\/2015\/09\/serialisierung-integriert-in-maschine.jpg\" alt=\"Serialisierung integriert in die Maschine\" width=\"205\" height=\"153\" srcset=\"https:\/\/www.acsr-solutions.com\/wp-content\/uploads\/2015\/09\/serialisierung-integriert-in-maschine.jpg 205w, https:\/\/www.acsr-solutions.com\/wp-content\/uploads\/2015\/09\/serialisierung-integriert-in-maschine-180x134.jpg 180w, https:\/\/www.acsr-solutions.com\/wp-content\/uploads\/2015\/09\/serialisierung-integriert-in-maschine-80x60.jpg 80w\" sizes=\"(max-width: 205px) 100vw, 205px\" \/><\/p>\n<p>&nbsp;<\/p>\n<p>Unit\u00e9 de contr\u00f4le centralis\u00e9<\/p>\n<p><img loading=\"lazy\" class=\"alignnone size-full wp-image-377\" src=\"\/wp-content\/uploads\/2015\/09\/zentrale-bedieneinheit.jpg\" alt=\"Unit\u00e9 de contr\u00f4le centralis\u00e9\" width=\"151\" height=\"226\" srcset=\"https:\/\/www.acsr-solutions.com\/wp-content\/uploads\/2015\/09\/zentrale-bedieneinheit.jpg 151w, https:\/\/www.acsr-solutions.com\/wp-content\/uploads\/2015\/09\/zentrale-bedieneinheit-40x60.jpg 40w\" sizes=\"(max-width: 151px) 100vw, 151px\" \/><\/p>\n<h3>\u00a0<\/h3>\n<h3>R\u00e9novation g\u00e9n\u00e9rale :<\/h3>\n<p>Uhlmann C100<\/p>\n<div class=\"schicht2Bilder\"><figure id=\"attachment_378\" aria-describedby=\"caption-attachment-378\" style=\"width: 246px\" class=\"wp-caption alignleft\"><img loading=\"lazy\" class=\"wp-image-378 size-full\" src=\"\/wp-content\/uploads\/2015\/09\/uhlmann-c100-vorher.jpg\" alt=\"Uhlmann C100\" width=\"246\" height=\"184\" srcset=\"https:\/\/www.acsr-solutions.com\/wp-content\/uploads\/2015\/09\/uhlmann-c100-vorher.jpg 246w, https:\/\/www.acsr-solutions.com\/wp-content\/uploads\/2015\/09\/uhlmann-c100-vorher-180x135.jpg 180w, https:\/\/www.acsr-solutions.com\/wp-content\/uploads\/2015\/09\/uhlmann-c100-vorher-80x60.jpg 80w\" sizes=\"(max-width: 246px) 100vw, 246px\" \/><figcaption id=\"caption-attachment-378\" class=\"wp-caption-text\">Avant<\/figcaption><\/figure> <figure id=\"attachment_379\" aria-describedby=\"caption-attachment-379\" style=\"width: 248px\" class=\"wp-caption alignright\"><img loading=\"lazy\" class=\"size-full wp-image-379\" src=\"\/wp-content\/uploads\/2015\/09\/uhlmann-c100-nachher.jpg\" alt=\"Uhlmann C100\" width=\"248\" height=\"188\" srcset=\"https:\/\/www.acsr-solutions.com\/wp-content\/uploads\/2015\/09\/uhlmann-c100-nachher.jpg 248w, https:\/\/www.acsr-solutions.com\/wp-content\/uploads\/2015\/09\/uhlmann-c100-nachher-180x136.jpg 180w, https:\/\/www.acsr-solutions.com\/wp-content\/uploads\/2015\/09\/uhlmann-c100-nachher-79x60.jpg 79w\" sizes=\"(max-width: 248px) 100vw, 248px\" \/><figcaption id=\"caption-attachment-379\" class=\"wp-caption-text\">apr\u00e8s<\/figcaption><\/figure><\/div>\n<p>&nbsp;<\/p>\n<p>Horn DPN 760<\/p>\n<p><img loading=\"lazy\" class=\"alignnone size-medium wp-image-380\" src=\"\/wp-content\/uploads\/2015\/09\/horn-dpn-760-300x225.jpg\" alt=\"Horn DPN 760\" width=\"300\" height=\"225\" srcset=\"https:\/\/www.acsr-solutions.com\/wp-content\/uploads\/2015\/09\/horn-dpn-760.jpg 300w, https:\/\/www.acsr-solutions.com\/wp-content\/uploads\/2015\/09\/horn-dpn-760-180x135.jpg 180w, https:\/\/www.acsr-solutions.com\/wp-content\/uploads\/2015\/09\/horn-dpn-760-80x60.jpg 80w\" sizes=\"(max-width: 300px) 100vw, 300px\" \/><\/p>\n","protected":false},"excerpt":{"rendered":"<p>R\u00e9novations &#8211; lignes d&#8217;emballage Solutions d\u00e9taill\u00e9es : Surveillance du pharma code &nbsp; S\u00e9rialisation int\u00e9gr\u00e9e \u00e0 la machine &nbsp; Unit\u00e9 de contr\u00f4le centralis\u00e9 \u00a0 R\u00e9novation g\u00e9n\u00e9rale : Uhlmann C100 &nbsp; Horn DPN 760<\/p>\n","protected":false},"author":2,"featured_media":0,"parent":661,"menu_order":1,"comment_status":"closed","ping_status":"closed","template":"","meta":[],"yoast_head":"<!-- This site is optimized with the Yoast SEO plugin v16.1.1 - https:\/\/yoast.com\/wordpress\/plugins\/seo\/ -->\n<link rel=\"canonical\" href=\"https:\/\/www.acsr-solutions.com\/fr\/modernisation\/exemples-de-projets-de-modernisation-de-machines-demballage\/\" \/>\n<meta property=\"og:locale\" content=\"fr_FR\" \/>\n<meta property=\"og:type\" content=\"article\" \/>\n<meta property=\"og:title\" content=\"Exemples de projets de modernisation de machines d&#039;emballage - ACSR Solutions\" \/>\n<meta property=\"og:description\" content=\"R\u00e9novations &#8211; lignes d&#8217;emballage Solutions d\u00e9taill\u00e9es : Surveillance du pharma code &nbsp; S\u00e9rialisation int\u00e9gr\u00e9e \u00e0 la machine &nbsp; Unit\u00e9 de contr\u00f4le centralis\u00e9 \u00a0 R\u00e9novation g\u00e9n\u00e9rale : Uhlmann C100 &nbsp; Horn DPN 760\" \/>\n<meta property=\"og:url\" content=\"https:\/\/www.acsr-solutions.com\/fr\/modernisation\/exemples-de-projets-de-modernisation-de-machines-demballage\/\" \/>\n<meta property=\"og:site_name\" content=\"ACSR Solutions\" \/>\n<meta property=\"og:image\" content=\"https:\/\/www.acsr-solutions.com\/wp-content\/uploads\/2015\/09\/pharmacode-ueberwachung.jpg\" \/>\n<meta name=\"twitter:card\" content=\"summary\" \/>\n<script type=\"application\/ld+json\" class=\"yoast-schema-graph\">{\"@context\":\"https:\/\/schema.org\",\"@graph\":[{\"@type\":\"WebSite\",\"@id\":\"https:\/\/www.acsr-solutions.com\/#website\",\"url\":\"https:\/\/www.acsr-solutions.com\/\",\"name\":\"ACSR Solutions\",\"description\":\"Eine weitere WordPress-Seite\",\"potentialAction\":[{\"@type\":\"SearchAction\",\"target\":\"https:\/\/www.acsr-solutions.com\/?s={search_term_string}\",\"query-input\":\"required name=search_term_string\"}],\"inLanguage\":\"fr-FR\"},{\"@type\":\"ImageObject\",\"@id\":\"https:\/\/www.acsr-solutions.com\/fr\/modernisation\/exemples-de-projets-de-modernisation-de-machines-demballage\/#primaryimage\",\"inLanguage\":\"fr-FR\",\"url\":\"\/wp-content\/uploads\/2015\/09\/pharmacode-ueberwachung.jpg\",\"contentUrl\":\"\/wp-content\/uploads\/2015\/09\/pharmacode-ueberwachung.jpg\"},{\"@type\":\"WebPage\",\"@id\":\"https:\/\/www.acsr-solutions.com\/fr\/modernisation\/exemples-de-projets-de-modernisation-de-machines-demballage\/#webpage\",\"url\":\"https:\/\/www.acsr-solutions.com\/fr\/modernisation\/exemples-de-projets-de-modernisation-de-machines-demballage\/\",\"name\":\"Exemples de projets de modernisation de machines d'emballage - ACSR Solutions\",\"isPartOf\":{\"@id\":\"https:\/\/www.acsr-solutions.com\/#website\"},\"primaryImageOfPage\":{\"@id\":\"https:\/\/www.acsr-solutions.com\/fr\/modernisation\/exemples-de-projets-de-modernisation-de-machines-demballage\/#primaryimage\"},\"datePublished\":\"2016-11-04T09:13:03+00:00\",\"dateModified\":\"2016-11-04T09:13:03+00:00\",\"breadcrumb\":{\"@id\":\"https:\/\/www.acsr-solutions.com\/fr\/modernisation\/exemples-de-projets-de-modernisation-de-machines-demballage\/#breadcrumb\"},\"inLanguage\":\"fr-FR\",\"potentialAction\":[{\"@type\":\"ReadAction\",\"target\":[\"https:\/\/www.acsr-solutions.com\/fr\/modernisation\/exemples-de-projets-de-modernisation-de-machines-demballage\/\"]}]},{\"@type\":\"BreadcrumbList\",\"@id\":\"https:\/\/www.acsr-solutions.com\/fr\/modernisation\/exemples-de-projets-de-modernisation-de-machines-demballage\/#breadcrumb\",\"itemListElement\":[{\"@type\":\"ListItem\",\"position\":1,\"item\":{\"@type\":\"WebPage\",\"@id\":\"https:\/\/www.acsr-solutions.com\/fr\/\",\"url\":\"https:\/\/www.acsr-solutions.com\/fr\/\",\"name\":\"Home\"}},{\"@type\":\"ListItem\",\"position\":2,\"item\":{\"@type\":\"WebPage\",\"@id\":\"https:\/\/www.acsr-solutions.com\/fr\/modernisation\/\",\"url\":\"https:\/\/www.acsr-solutions.com\/fr\/modernisation\/\",\"name\":\"Retrofit\"}},{\"@type\":\"ListItem\",\"position\":3,\"item\":{\"@type\":\"WebPage\",\"@id\":\"https:\/\/www.acsr-solutions.com\/fr\/modernisation\/exemples-de-projets-de-modernisation-de-machines-demballage\/\",\"url\":\"https:\/\/www.acsr-solutions.com\/fr\/modernisation\/exemples-de-projets-de-modernisation-de-machines-demballage\/\",\"name\":\"Exemples de projets de modernisation de machines d&#8217;emballage\"}}]}]}<\/script>\n<!-- \/ Yoast SEO plugin. -->","_links":{"self":[{"href":"https:\/\/www.acsr-solutions.com\/fr\/wp-json\/wp\/v2\/pages\/663"}],"collection":[{"href":"https:\/\/www.acsr-solutions.com\/fr\/wp-json\/wp\/v2\/pages"}],"about":[{"href":"https:\/\/www.acsr-solutions.com\/fr\/wp-json\/wp\/v2\/types\/page"}],"author":[{"embeddable":true,"href":"https:\/\/www.acsr-solutions.com\/fr\/wp-json\/wp\/v2\/users\/2"}],"replies":[{"embeddable":true,"href":"https:\/\/www.acsr-solutions.com\/fr\/wp-json\/wp\/v2\/comments?post=663"}],"version-history":[{"count":1,"href":"https:\/\/www.acsr-solutions.com\/fr\/wp-json\/wp\/v2\/pages\/663\/revisions"}],"predecessor-version":[{"id":664,"href":"https:\/\/www.acsr-solutions.com\/fr\/wp-json\/wp\/v2\/pages\/663\/revisions\/664"}],"up":[{"embeddable":true,"href":"https:\/\/www.acsr-solutions.com\/fr\/wp-json\/wp\/v2\/pages\/661"}],"wp:attachment":[{"href":"https:\/\/www.acsr-solutions.com\/fr\/wp-json\/wp\/v2\/media?parent=663"}],"curies":[{"name":"wp","href":"https:\/\/api.w.org\/{rel}","templated":true}]}}