{"id":674,"date":"2016-11-03T10:35:27","date_gmt":"2016-11-03T10:35:27","guid":{"rendered":"http:\/\/www.acsr-solutions.com\/fr\/?page_id=674"},"modified":"2016-11-04T09:21:29","modified_gmt":"2016-11-04T09:21:29","slug":"bienvenue-chez-acsr-solutions","status":"publish","type":"page","link":"https:\/\/www.acsr-solutions.com\/fr\/","title":{"rendered":"Bienvenue chez ACSR Solutions"},"content":{"rendered":"<p class=\"teaser\">Nous sommes une entreprise de services d\u2019ing\u00e9nierie, nous vous assisterons dans les domaines de l&rsquo;automatisation pour la r\u00e9novation et la modernisation de vos machines. Nous pouvons \u00e9galement assurer votre approvisionnement en pi\u00e8ces d\u00e9tach\u00e9es.<\/p>\n<div class=\"element2spaltig\">\n<p>ACSR Solutions GmbH se sp\u00e9cialise dans le secteur des machines pharmaceutiques et de leurs \u00e9quipements. Nos produits et solutions sont \u00e9galement employ\u00e9s dans les industries agroalimentaire et chimique.<\/p>\n<p>Nous pouvons mettre nos comp\u00e9tences \u00e0 votre service avec fiabilit\u00e9, rapidit\u00e9 et \u00e9conomie, pour les innovations, la r\u00e9novation, la maintenance et l&rsquo;approvisionnement en pi\u00e8ces d\u00e9tach\u00e9es. Le fabricant d&rsquo;origine et l&rsquo;ann\u00e9e de votre machine n&rsquo;a aucune importance pour nous.<\/p>\n<p>Notre \u00e9quipe motiv\u00e9e vous aidera \u00e0 obtenir l&rsquo;avance dont vous avez besoin pour vous imposer face \u00e0 vos concurrents. Vous pourrez profiter de nos solutions flexibles, personnalis\u00e9es et innovantes. Pour nous, la collaboration avec nos clients s&rsquo;entend comme un partenariat ouvert et loyal dans lequel les d\u00e9veloppements conjoints constituent la perspective d&rsquo;une relation commerciale durable et fructueuse.<\/p>\n<\/div>\n","protected":false},"excerpt":{"rendered":"<p>Nous sommes une entreprise de services d\u2019ing\u00e9nierie, nous vous assisterons dans les domaines de l&rsquo;automatisation pour la r\u00e9novation et la modernisation de vos machines. Nous pouvons \u00e9galement assurer votre approvisionnement en pi\u00e8ces d\u00e9tach\u00e9es. ACSR Solutions GmbH se sp\u00e9cialise dans le secteur des machines pharmaceutiques et de leurs \u00e9quipements. Nos produits et solutions sont \u00e9galement employ\u00e9s [&hellip;]<\/p>\n","protected":false},"author":2,"featured_media":0,"parent":0,"menu_order":0,"comment_status":"closed","ping_status":"closed","template":"","meta":[],"yoast_head":"<!-- This site is optimized with the Yoast SEO plugin v16.1.1 - https:\/\/yoast.com\/wordpress\/plugins\/seo\/ -->\n<link rel=\"canonical\" href=\"https:\/\/www.acsr-solutions.com\/fr\/\" \/>\n<meta property=\"og:locale\" content=\"fr_FR\" \/>\n<meta property=\"og:type\" content=\"article\" \/>\n<meta property=\"og:title\" content=\"Bienvenue chez ACSR Solutions - ACSR Solutions\" \/>\n<meta property=\"og:description\" content=\"Nous sommes une entreprise de services d\u2019ing\u00e9nierie, nous vous assisterons dans les domaines de l&rsquo;automatisation pour la r\u00e9novation et la modernisation de vos machines. Nous pouvons \u00e9galement assurer votre approvisionnement en pi\u00e8ces d\u00e9tach\u00e9es. ACSR Solutions GmbH se sp\u00e9cialise dans le secteur des machines pharmaceutiques et de leurs \u00e9quipements. Nos produits et solutions sont \u00e9galement employ\u00e9s [&hellip;]\" \/>\n<meta property=\"og:url\" content=\"https:\/\/www.acsr-solutions.com\/fr\/\" \/>\n<meta property=\"og:site_name\" content=\"ACSR Solutions\" \/>\n<meta property=\"article:modified_time\" content=\"2016-11-04T09:21:29+00:00\" \/>\n<meta name=\"twitter:card\" content=\"summary\" \/>\n<meta name=\"twitter:label1\" content=\"Dur\u00e9e de lecture est.\">\n\t<meta name=\"twitter:data1\" content=\"1 minute\">\n<script type=\"application\/ld+json\" class=\"yoast-schema-graph\">{\"@context\":\"https:\/\/schema.org\",\"@graph\":[{\"@type\":\"WebSite\",\"@id\":\"https:\/\/www.acsr-solutions.com\/#website\",\"url\":\"https:\/\/www.acsr-solutions.com\/\",\"name\":\"ACSR Solutions\",\"description\":\"Eine weitere WordPress-Seite\",\"potentialAction\":[{\"@type\":\"SearchAction\",\"target\":\"https:\/\/www.acsr-solutions.com\/?s={search_term_string}\",\"query-input\":\"required name=search_term_string\"}],\"inLanguage\":\"fr-FR\"},{\"@type\":\"WebPage\",\"@id\":\"https:\/\/www.acsr-solutions.com\/fr\/#webpage\",\"url\":\"https:\/\/www.acsr-solutions.com\/fr\/\",\"name\":\"Bienvenue chez ACSR Solutions - ACSR Solutions\",\"isPartOf\":{\"@id\":\"https:\/\/www.acsr-solutions.com\/#website\"},\"datePublished\":\"2016-11-03T10:35:27+00:00\",\"dateModified\":\"2016-11-04T09:21:29+00:00\",\"breadcrumb\":{\"@id\":\"https:\/\/www.acsr-solutions.com\/fr\/#breadcrumb\"},\"inLanguage\":\"fr-FR\",\"potentialAction\":[{\"@type\":\"ReadAction\",\"target\":[\"https:\/\/www.acsr-solutions.com\/fr\/\"]}]},{\"@type\":\"BreadcrumbList\",\"@id\":\"https:\/\/www.acsr-solutions.com\/fr\/#breadcrumb\",\"itemListElement\":[{\"@type\":\"ListItem\",\"position\":1,\"item\":{\"@type\":\"WebPage\",\"@id\":\"https:\/\/www.acsr-solutions.com\/fr\/\",\"url\":\"https:\/\/www.acsr-solutions.com\/fr\/\",\"name\":\"Home\"}},{\"@type\":\"ListItem\",\"position\":2,\"item\":{\"@type\":\"WebPage\",\"@id\":\"https:\/\/www.acsr-solutions.com\/fr\/\",\"url\":\"https:\/\/www.acsr-solutions.com\/fr\/\",\"name\":\"Bienvenue chez ACSR Solutions\"}}]}]}<\/script>\n<!-- \/ Yoast SEO plugin. -->","_links":{"self":[{"href":"https:\/\/www.acsr-solutions.com\/fr\/wp-json\/wp\/v2\/pages\/674"}],"collection":[{"href":"https:\/\/www.acsr-solutions.com\/fr\/wp-json\/wp\/v2\/pages"}],"about":[{"href":"https:\/\/www.acsr-solutions.com\/fr\/wp-json\/wp\/v2\/types\/page"}],"author":[{"embeddable":true,"href":"https:\/\/www.acsr-solutions.com\/fr\/wp-json\/wp\/v2\/users\/2"}],"replies":[{"embeddable":true,"href":"https:\/\/www.acsr-solutions.com\/fr\/wp-json\/wp\/v2\/comments?post=674"}],"version-history":[{"count":1,"href":"https:\/\/www.acsr-solutions.com\/fr\/wp-json\/wp\/v2\/pages\/674\/revisions"}],"predecessor-version":[{"id":675,"href":"https:\/\/www.acsr-solutions.com\/fr\/wp-json\/wp\/v2\/pages\/674\/revisions\/675"}],"wp:attachment":[{"href":"https:\/\/www.acsr-solutions.com\/fr\/wp-json\/wp\/v2\/media?parent=674"}],"curies":[{"name":"wp","href":"https:\/\/api.w.org\/{rel}","templated":true}]}}