{"id":676,"date":"2016-11-04T09:24:34","date_gmt":"2016-11-04T09:24:34","guid":{"rendered":"http:\/\/www.acsr-solutions.com\/fr\/?page_id=676"},"modified":"2016-11-04T09:26:14","modified_gmt":"2016-11-04T09:26:14","slug":"a-propos-de-nous","status":"publish","type":"page","link":"https:\/\/www.acsr-solutions.com\/fr\/a-propos-de-nous\/","title":{"rendered":"\u00c0 propos de nous"},"content":{"rendered":"<p class=\"teaser\">Notre but est de vous proposer nos services pour vous procurer l&rsquo;avance dont vous avez besoin afin de vous imposer face \u00e0 vos concurrents. Pour ce faire, nous d\u00e9veloppons et produisons des syst\u00e8mes efficaces sur le plan technique qui allient pr\u00e9cision et les plus hautes exigences en termes de qualit\u00e9 avec la meilleure rentabilit\u00e9 possible.<\/p>\n<p>Nos solutions standardis\u00e9es pour des machines de diff\u00e9rents fabricants, sont issues d&rsquo;une \u00e9quipe compos\u00e9e d&rsquo;ing\u00e9nieurs et de techniciens b\u00e9n\u00e9ficiant d&rsquo;une grande exp\u00e9rience. Les d\u00e9veloppements et la production sont r\u00e9alis\u00e9s dans le respect des r\u00e9gulations et normes internationales de l&rsquo;industrie pharmaceutique.<\/p>\n<p>Ainsi, nos syst\u00e8mes d&rsquo;automatisation sont d\u00e9velopp\u00e9s en conformit\u00e9 avec les GAMP et correspondent aux prescriptions 21 CFR Part 11 de la FDA.<\/p>\n","protected":false},"excerpt":{"rendered":"<p>Notre but est de vous proposer nos services pour vous procurer l&rsquo;avance dont vous avez besoin afin de vous imposer face \u00e0 vos concurrents. Pour ce faire, nous d\u00e9veloppons et produisons des syst\u00e8mes efficaces sur le plan technique qui allient pr\u00e9cision et les plus hautes exigences en termes de qualit\u00e9 avec la meilleure rentabilit\u00e9 possible. [&hellip;]<\/p>\n","protected":false},"author":2,"featured_media":0,"parent":0,"menu_order":3,"comment_status":"closed","ping_status":"closed","template":"","meta":[],"yoast_head":"<!-- This site is optimized with the Yoast SEO plugin v16.1.1 - https:\/\/yoast.com\/wordpress\/plugins\/seo\/ -->\n<link rel=\"canonical\" href=\"https:\/\/www.acsr-solutions.com\/fr\/a-propos-de-nous\/\" \/>\n<meta property=\"og:locale\" content=\"fr_FR\" \/>\n<meta property=\"og:type\" content=\"article\" \/>\n<meta property=\"og:title\" content=\"\u00c0 propos de nous - ACSR Solutions\" \/>\n<meta property=\"og:description\" content=\"Notre but est de vous proposer nos services pour vous procurer l&rsquo;avance dont vous avez besoin afin de vous imposer face \u00e0 vos concurrents. Pour ce faire, nous d\u00e9veloppons et produisons des syst\u00e8mes efficaces sur le plan technique qui allient pr\u00e9cision et les plus hautes exigences en termes de qualit\u00e9 avec la meilleure rentabilit\u00e9 possible. [&hellip;]\" \/>\n<meta property=\"og:url\" content=\"https:\/\/www.acsr-solutions.com\/fr\/a-propos-de-nous\/\" \/>\n<meta property=\"og:site_name\" content=\"ACSR Solutions\" \/>\n<meta property=\"article:modified_time\" content=\"2016-11-04T09:26:14+00:00\" \/>\n<meta name=\"twitter:card\" content=\"summary\" \/>\n<meta name=\"twitter:label1\" content=\"Dur\u00e9e de lecture est.\">\n\t<meta name=\"twitter:data1\" content=\"1 minute\">\n<script type=\"application\/ld+json\" class=\"yoast-schema-graph\">{\"@context\":\"https:\/\/schema.org\",\"@graph\":[{\"@type\":\"WebSite\",\"@id\":\"https:\/\/www.acsr-solutions.com\/#website\",\"url\":\"https:\/\/www.acsr-solutions.com\/\",\"name\":\"ACSR Solutions\",\"description\":\"Eine weitere WordPress-Seite\",\"potentialAction\":[{\"@type\":\"SearchAction\",\"target\":\"https:\/\/www.acsr-solutions.com\/?s={search_term_string}\",\"query-input\":\"required name=search_term_string\"}],\"inLanguage\":\"fr-FR\"},{\"@type\":\"WebPage\",\"@id\":\"https:\/\/www.acsr-solutions.com\/fr\/a-propos-de-nous\/#webpage\",\"url\":\"https:\/\/www.acsr-solutions.com\/fr\/a-propos-de-nous\/\",\"name\":\"\\u00c0 propos de nous - ACSR Solutions\",\"isPartOf\":{\"@id\":\"https:\/\/www.acsr-solutions.com\/#website\"},\"datePublished\":\"2016-11-04T09:24:34+00:00\",\"dateModified\":\"2016-11-04T09:26:14+00:00\",\"breadcrumb\":{\"@id\":\"https:\/\/www.acsr-solutions.com\/fr\/a-propos-de-nous\/#breadcrumb\"},\"inLanguage\":\"fr-FR\",\"potentialAction\":[{\"@type\":\"ReadAction\",\"target\":[\"https:\/\/www.acsr-solutions.com\/fr\/a-propos-de-nous\/\"]}]},{\"@type\":\"BreadcrumbList\",\"@id\":\"https:\/\/www.acsr-solutions.com\/fr\/a-propos-de-nous\/#breadcrumb\",\"itemListElement\":[{\"@type\":\"ListItem\",\"position\":1,\"item\":{\"@type\":\"WebPage\",\"@id\":\"https:\/\/www.acsr-solutions.com\/fr\/\",\"url\":\"https:\/\/www.acsr-solutions.com\/fr\/\",\"name\":\"Home\"}},{\"@type\":\"ListItem\",\"position\":2,\"item\":{\"@type\":\"WebPage\",\"@id\":\"https:\/\/www.acsr-solutions.com\/fr\/a-propos-de-nous\/\",\"url\":\"https:\/\/www.acsr-solutions.com\/fr\/a-propos-de-nous\/\",\"name\":\"\\u00c0 propos de nous\"}}]}]}<\/script>\n<!-- \/ Yoast SEO plugin. -->","_links":{"self":[{"href":"https:\/\/www.acsr-solutions.com\/fr\/wp-json\/wp\/v2\/pages\/676"}],"collection":[{"href":"https:\/\/www.acsr-solutions.com\/fr\/wp-json\/wp\/v2\/pages"}],"about":[{"href":"https:\/\/www.acsr-solutions.com\/fr\/wp-json\/wp\/v2\/types\/page"}],"author":[{"embeddable":true,"href":"https:\/\/www.acsr-solutions.com\/fr\/wp-json\/wp\/v2\/users\/2"}],"replies":[{"embeddable":true,"href":"https:\/\/www.acsr-solutions.com\/fr\/wp-json\/wp\/v2\/comments?post=676"}],"version-history":[{"count":1,"href":"https:\/\/www.acsr-solutions.com\/fr\/wp-json\/wp\/v2\/pages\/676\/revisions"}],"predecessor-version":[{"id":677,"href":"https:\/\/www.acsr-solutions.com\/fr\/wp-json\/wp\/v2\/pages\/676\/revisions\/677"}],"wp:attachment":[{"href":"https:\/\/www.acsr-solutions.com\/fr\/wp-json\/wp\/v2\/media?parent=676"}],"curies":[{"name":"wp","href":"https:\/\/api.w.org\/{rel}","templated":true}]}}