{"id":682,"date":"2016-11-04T09:31:19","date_gmt":"2016-11-04T09:31:19","guid":{"rendered":"http:\/\/www.acsr-solutions.com\/fr\/?page_id=682"},"modified":"2016-11-04T09:45:06","modified_gmt":"2016-11-04T09:45:06","slug":"offres-demploi","status":"publish","type":"page","link":"https:\/\/www.acsr-solutions.com\/fr\/a-propos-de-nous\/offres-demploi\/","title":{"rendered":"Offres d&#8217;emploi"},"content":{"rendered":"<p class=\"teaser\">Vous trouverez ici les offres d&#8217;emploi actuelles.<\/p>\n<p>Merci d&rsquo;envoyer vos dossiers de candidatures habituels, de pr\u00e9f\u00e9rence par e-mail, \u00e0 :<br \/>\n <a href=\"mailto:m.schroetler@acsr-solutions.com\">m.schroetler@acsr-solutions.com<\/a>.<\/p>\n<p>Nous nous r\u00e9jouissons de votre candidature.<\/p>\n<h2 class=\"trigger\">Constructeur(trice) \u00e9lectrique<\/h2>\n<div class=\"toggle_container\">\n<p>Pour notre nouveau b\u00e2timent commercial \u00e0 D\u00fcren, nous recherchons d\u00e8s maintenant un(e) constructeur(trice) \u00e9lectrique.<\/p>\n<h3>Vos missions :<\/h3>\n<ul>\n<li>Planification et cr\u00e9ation autonome de plans de commutation \u00e9lectrique avec Eplan P8<\/li>\n<li>Cr\u00e9ation de documentation \u00e9lectronique<\/li>\n<li>S\u00e9lection et approvisionnement des composants d&rsquo;automatisation<\/li>\n<li>Accompagnement des projets de la conception \u00e0 la mise en service<\/li>\n<\/ul>\n<h3>Votre profil :<\/h3>\n<ul>\n<li>Technicien dipl\u00f4m\u00e9 d&rsquo;une formation en \u00e9lectrotechnique\/technique d&rsquo;automatisation ou d&rsquo;une formation approfondie \u00e9quivalente<\/li>\n<li>Exp\u00e9rience dans le domaine de la planification \u00e9lectrique avec Eplan P8<\/li>\n<li>Une exp\u00e9rience avec le portail TIA (Siemens) et dans le domaine de la technique de propulsion et de s\u00e9curit\u00e9, est un plus<\/li>\n<li>Pr\u00eat(e) \u00e0 r\u00e9aliser des d\u00e9placements<\/li>\n<li>Bonne maitrise de l&rsquo;anglais, \u00e0 l&rsquo;\u00e9crit et \u00e0 l&rsquo;oral<\/li>\n<li>Connaissance de MS Office<\/li>\n<li>Travail autonome et esprit d&rsquo;\u00e9quipe<\/li>\n<\/ul>\n<\/div>\n<h2 class=\"trigger\">Employ\u00e9(e) technique<\/h2>\n<div class=\"toggle_container\">\n<p>Pour notre nouveau b\u00e2timent commercial \u00e0 D\u00fcren, nous recherchons d\u00e8s maintenant un(e) employ\u00e9(e) technique.<\/p>\n<h3>Vos missions :<\/h3>\n<ul>\n<li>Approvisionnement des besoins en mat\u00e9riaux pour les projets et clients sp\u00e9cifiques<\/li>\n<li>Coordination du processus d&rsquo;exp\u00e9dition<\/li>\n<li>Assistance pour le traitement des demandes<\/li>\n<li>R\u00e9alisation des calculs r\u00e9trospectifs<\/li>\n<\/ul>\n<h3>Votre profil :<\/h3>\n<ul>\n<li>Un dipl\u00f4me d&rsquo;une formation commerciale en tant qu\u2019acheteur\/acheteuse dans le commerce \u00e0 l\u2019international et de gros, d&rsquo;une formation en bureautique ou d\u2019une qualification \u00e9quivalente<\/li>\n<li>Travail syst\u00e9matique et autonome marqu\u00e9 par les valeurs de l&rsquo;entreprise<\/li>\n<li>Bonnes connaissances des programmes MS Office, id\u00e9alement avec le syst\u00e8me de gestion des marchandises PGI<\/li>\n<li>Maitrise de l&rsquo;anglais et du fran\u00e7ais \u00e0 l&rsquo;\u00e9crit et \u00e0 l&rsquo;oral<\/li>\n<\/ul>\n<\/div>\n<h2 class=\"trigger\">M\u00e9canicien(ne) industriel(le)<\/h2>\n<div class=\"toggle_container\">\n<p>Pour notre nouveau b\u00e2timent commercial \u00e0 D\u00fcren, nous recherchons d\u00e8s maintenant un(e) m\u00e9canicien(ne) industriel(le).<\/p>\n<h3>Vos missions :<\/h3>\n<ul>\n<li>Montage et d\u00e9montage de machines<\/li>\n<li>V\u00e9rification et r\u00e9paration de groupes d&rsquo;assemblage et de machines<\/li>\n<li>Montages dans notre atelier et chez le client<\/li>\n<\/ul>\n<h3>Votre profil :<\/h3>\n<ul>\n<li>Un dipl\u00f4me de formation professionnelle de m\u00e9canicien industriel ou d&rsquo;un m\u00e9tier \u00e9quivalent<\/li>\n<li>Connaissances en hydraulique et en pneumatique<\/li>\n<li>Pr\u00eat(e) \u00e0 r\u00e9aliser des voyages<\/li>\n<li>Permis B<\/li>\n<li>Connaissance de l&rsquo;anglais<\/li>\n<\/ul>\n<\/div>\n<h2 class=\"trigger\">\u00c9lectrotechnicien(ne) en \u00e9nergie \/ m\u00e9catronicien(ne)<\/h2>\n<div class=\"toggle_container\">\n<p>Pour notre nouveau b\u00e2timent commercial \u00e0 D\u00fcren, nous recherchons d\u00e8s maintenant un(e) \u00e9lectronicien(ne) en \u00e9nergie \/ m\u00e9catronicien(ne).<\/p>\n<h3>Vos missions :<\/h3>\n<ul>\n<li>Mise en service de nos solutions d&rsquo;automatisation dans notre atelier et chez le client<\/li>\n<li>R\u00e9alisation des projets de qualification<\/li>\n<li>Calibrage des points de mesure<\/li>\n<li>V\u00e9rification des machines et des installations<\/li>\n<\/ul>\n<h3>Votre profil :<\/h3>\n<ul>\n<li>Un dipl\u00f4me de formation professionnelle d&rsquo;\u00e9lectronicien en \u00e9nergie, de m\u00e9catronicien ou d&rsquo;\u00e9lectricien avec des connaissances \u00e9largies correspondantes dans l&rsquo;\u00e9lectronique industrielle<\/li>\n<li>Connaissances de la technique de propulsion ainsi que manipulation des commandes CPE<\/li>\n<li>Pr\u00eat(e) \u00e0 r\u00e9aliser des voyages<\/li>\n<li>Permis B<\/li>\n<li>Connaissance de l&rsquo;anglais \u00e0 l&rsquo;\u00e9crit et \u00e0 l&rsquo;oral (une deuxi\u00e8me langue \u00e9trang\u00e8re serait un plus)<\/li>\n<li>Connaissances en informatique<\/li>\n<\/ul>\n<\/div>\n<h2 class=\"trigger\">Installateur(trice) \u00e9lectricien(ne)<\/h2>\n<div class=\"toggle_container\">\n<p>Pour notre nouveau b\u00e2timent commercial \u00e0 D\u00fcren, nous recherchons d\u00e8s maintenant un(e) installateur(trice) \u00e9lectricien(ne).<\/p>\n<h3>Vos missions :<\/h3>\n<ul>\n<li>Travaux de c\u00e2blage et de modification sur les machines et les installations<\/li>\n<li>Montage dans notre atelier et chez le client<\/li>\n<li>Travaux \u00e0 partir de sch\u00e9mas<\/li>\n<\/ul>\n<h3>Votre profil :<\/h3>\n<ul>\n<li>Un dipl\u00f4me de formation professionnelle d&rsquo;installateur(trice) \u00e9lectricien(ne) ou d&rsquo;un m\u00e9tier \u00e9quivalent<\/li>\n<li>Des connaissances en g\u00e9nie m\u00e9canique sont un avantage<\/li>\n<li>Pr\u00eat(e) \u00e0 r\u00e9aliser des voyages<\/li>\n<li>Permis B<\/li>\n<li>Connaissance de l&rsquo;anglais<\/li>\n<\/ul>\n<\/div>\n<hr \/>\n<h3>Ce qui vous attend chez ACSR Solutions :<\/h3>\n<ul>\n<li>Activit\u00e9s int\u00e9ressantes et vari\u00e9es<\/li>\n<li>R\u00e9mun\u00e9ration ad\u00e9quate<\/li>\n<li>Un contrat de travail \u00e0 dur\u00e9e ind\u00e9termin\u00e9e<\/li>\n<li>La chance de poursuivre son d\u00e9veloppement personnel<\/li>\n<\/ul>\n","protected":false},"excerpt":{"rendered":"<p>Vous trouverez ici les offres d&#8217;emploi actuelles. Merci d&rsquo;envoyer vos dossiers de candidatures habituels, de pr\u00e9f\u00e9rence par e-mail, \u00e0 : m.schroetler@acsr-solutions.com. Nous nous r\u00e9jouissons de votre candidature. Constructeur(trice) \u00e9lectrique Pour notre nouveau b\u00e2timent commercial \u00e0 D\u00fcren, nous recherchons d\u00e8s maintenant un(e) constructeur(trice) \u00e9lectrique. Vos missions : Planification et cr\u00e9ation autonome de plans de commutation \u00e9lectrique [&hellip;]<\/p>\n","protected":false},"author":2,"featured_media":0,"parent":676,"menu_order":4,"comment_status":"closed","ping_status":"closed","template":"","meta":[],"yoast_head":"<!-- This site is optimized with the Yoast SEO plugin v16.1.1 - https:\/\/yoast.com\/wordpress\/plugins\/seo\/ -->\n<link rel=\"canonical\" href=\"https:\/\/www.acsr-solutions.com\/fr\/a-propos-de-nous\/offres-demploi\/\" \/>\n<meta property=\"og:locale\" content=\"fr_FR\" \/>\n<meta property=\"og:type\" content=\"article\" \/>\n<meta property=\"og:title\" content=\"Offres d&#039;emploi - ACSR Solutions\" \/>\n<meta property=\"og:description\" content=\"Vous trouverez ici les offres d&#8217;emploi actuelles. Merci d&rsquo;envoyer vos dossiers de candidatures habituels, de pr\u00e9f\u00e9rence par e-mail, \u00e0 : m.schroetler@acsr-solutions.com. Nous nous r\u00e9jouissons de votre candidature. Constructeur(trice) \u00e9lectrique Pour notre nouveau b\u00e2timent commercial \u00e0 D\u00fcren, nous recherchons d\u00e8s maintenant un(e) constructeur(trice) \u00e9lectrique. Vos missions : Planification et cr\u00e9ation autonome de plans de commutation \u00e9lectrique [&hellip;]\" \/>\n<meta property=\"og:url\" content=\"https:\/\/www.acsr-solutions.com\/fr\/a-propos-de-nous\/offres-demploi\/\" \/>\n<meta property=\"og:site_name\" content=\"ACSR Solutions\" \/>\n<meta property=\"article:modified_time\" content=\"2016-11-04T09:45:06+00:00\" \/>\n<meta name=\"twitter:card\" content=\"summary\" \/>\n<meta name=\"twitter:label1\" content=\"Dur\u00e9e de lecture est.\">\n\t<meta name=\"twitter:data1\" content=\"3 minutes\">\n<script type=\"application\/ld+json\" class=\"yoast-schema-graph\">{\"@context\":\"https:\/\/schema.org\",\"@graph\":[{\"@type\":\"WebSite\",\"@id\":\"https:\/\/www.acsr-solutions.com\/#website\",\"url\":\"https:\/\/www.acsr-solutions.com\/\",\"name\":\"ACSR Solutions\",\"description\":\"Eine weitere WordPress-Seite\",\"potentialAction\":[{\"@type\":\"SearchAction\",\"target\":\"https:\/\/www.acsr-solutions.com\/?s={search_term_string}\",\"query-input\":\"required name=search_term_string\"}],\"inLanguage\":\"fr-FR\"},{\"@type\":\"WebPage\",\"@id\":\"https:\/\/www.acsr-solutions.com\/fr\/a-propos-de-nous\/offres-demploi\/#webpage\",\"url\":\"https:\/\/www.acsr-solutions.com\/fr\/a-propos-de-nous\/offres-demploi\/\",\"name\":\"Offres d'emploi - ACSR Solutions\",\"isPartOf\":{\"@id\":\"https:\/\/www.acsr-solutions.com\/#website\"},\"datePublished\":\"2016-11-04T09:31:19+00:00\",\"dateModified\":\"2016-11-04T09:45:06+00:00\",\"breadcrumb\":{\"@id\":\"https:\/\/www.acsr-solutions.com\/fr\/a-propos-de-nous\/offres-demploi\/#breadcrumb\"},\"inLanguage\":\"fr-FR\",\"potentialAction\":[{\"@type\":\"ReadAction\",\"target\":[\"https:\/\/www.acsr-solutions.com\/fr\/a-propos-de-nous\/offres-demploi\/\"]}]},{\"@type\":\"BreadcrumbList\",\"@id\":\"https:\/\/www.acsr-solutions.com\/fr\/a-propos-de-nous\/offres-demploi\/#breadcrumb\",\"itemListElement\":[{\"@type\":\"ListItem\",\"position\":1,\"item\":{\"@type\":\"WebPage\",\"@id\":\"https:\/\/www.acsr-solutions.com\/fr\/\",\"url\":\"https:\/\/www.acsr-solutions.com\/fr\/\",\"name\":\"Home\"}},{\"@type\":\"ListItem\",\"position\":2,\"item\":{\"@type\":\"WebPage\",\"@id\":\"https:\/\/www.acsr-solutions.com\/fr\/a-propos-de-nous\/\",\"url\":\"https:\/\/www.acsr-solutions.com\/fr\/a-propos-de-nous\/\",\"name\":\"\\u00c0 propos de nous\"}},{\"@type\":\"ListItem\",\"position\":3,\"item\":{\"@type\":\"WebPage\",\"@id\":\"https:\/\/www.acsr-solutions.com\/fr\/a-propos-de-nous\/offres-demploi\/\",\"url\":\"https:\/\/www.acsr-solutions.com\/fr\/a-propos-de-nous\/offres-demploi\/\",\"name\":\"Offres d&#8217;emploi\"}}]}]}<\/script>\n<!-- \/ Yoast SEO plugin. -->","_links":{"self":[{"href":"https:\/\/www.acsr-solutions.com\/fr\/wp-json\/wp\/v2\/pages\/682"}],"collection":[{"href":"https:\/\/www.acsr-solutions.com\/fr\/wp-json\/wp\/v2\/pages"}],"about":[{"href":"https:\/\/www.acsr-solutions.com\/fr\/wp-json\/wp\/v2\/types\/page"}],"author":[{"embeddable":true,"href":"https:\/\/www.acsr-solutions.com\/fr\/wp-json\/wp\/v2\/users\/2"}],"replies":[{"embeddable":true,"href":"https:\/\/www.acsr-solutions.com\/fr\/wp-json\/wp\/v2\/comments?post=682"}],"version-history":[{"count":3,"href":"https:\/\/www.acsr-solutions.com\/fr\/wp-json\/wp\/v2\/pages\/682\/revisions"}],"predecessor-version":[{"id":685,"href":"https:\/\/www.acsr-solutions.com\/fr\/wp-json\/wp\/v2\/pages\/682\/revisions\/685"}],"up":[{"embeddable":true,"href":"https:\/\/www.acsr-solutions.com\/fr\/wp-json\/wp\/v2\/pages\/676"}],"wp:attachment":[{"href":"https:\/\/www.acsr-solutions.com\/fr\/wp-json\/wp\/v2\/media?parent=682"}],"curies":[{"name":"wp","href":"https:\/\/api.w.org\/{rel}","templated":true}]}}