{"id":692,"date":"2015-09-06T20:16:56","date_gmt":"2015-09-06T20:16:56","guid":{"rendered":"http:\/\/www.acsr-solutions.com\/fr\/?page_id=692"},"modified":"2018-09-07T08:34:33","modified_gmt":"2018-09-07T08:34:33","slug":"contact","status":"publish","type":"page","link":"https:\/\/www.acsr-solutions.com\/fr\/contact\/","title":{"rendered":"Contact"},"content":{"rendered":"<p class=\"teaser\">Nous sommes ravis que vous souhaitiez nous contacter.<\/p>\n<div role=\"form\" class=\"wpcf7\" id=\"wpcf7-f740-o1\" lang=\"de-DE\" dir=\"ltr\">\n<div class=\"screen-reader-response\"><p role=\"status\" aria-live=\"polite\" aria-atomic=\"true\"><\/p> <ul><\/ul><\/div>\n<form action=\"\/fr\/wp-json\/wp\/v2\/pages\/692#wpcf7-f740-o1\" method=\"post\" class=\"wpcf7-form init\" novalidate=\"novalidate\" data-status=\"init\">\n<div style=\"display: none;\">\n<input type=\"hidden\" name=\"_wpcf7\" value=\"740\" \/>\n<input type=\"hidden\" name=\"_wpcf7_version\" value=\"5.4\" \/>\n<input type=\"hidden\" name=\"_wpcf7_locale\" value=\"de_DE\" \/>\n<input type=\"hidden\" name=\"_wpcf7_unit_tag\" value=\"wpcf7-f740-o1\" \/>\n<input type=\"hidden\" name=\"_wpcf7_container_post\" value=\"0\" \/>\n<input type=\"hidden\" name=\"_wpcf7_posted_data_hash\" value=\"\" \/>\n<\/div>\n<p><span class=\"textZentriert\">Votre message<\/span><br \/>\n    <span class=\"wpcf7-form-control-wrap nachricht\"><textarea name=\"nachricht\" cols=\"40\" rows=\"10\" class=\"wpcf7-form-control wpcf7-textarea\" aria-invalid=\"false\"><\/textarea><\/span> <\/p>\n<p class=\"cf7-input-absatz\">Nom *<span class=\"wpcf7-form-control-wrap nachname\"><input type=\"text\" name=\"nachname\" value=\"\" size=\"40\" class=\"wpcf7-form-control wpcf7-text wpcf7-validates-as-required\" aria-required=\"true\" aria-invalid=\"false\" \/><\/span> <\/p>\n<p class=\"cf7-input-absatz\">E-mail *<span class=\"wpcf7-form-control-wrap emailabsender\"><input type=\"email\" name=\"emailabsender\" value=\"\" size=\"40\" class=\"wpcf7-form-control wpcf7-text wpcf7-email wpcf7-validates-as-required wpcf7-validates-as-email\" aria-required=\"true\" aria-invalid=\"false\" \/><\/span> <\/p>\n<p class=\"cf7-input-absatz\">T\u00e9l\u00e9phone <span class=\"wpcf7-form-control-wrap telefon\"><input type=\"tel\" name=\"telefon\" value=\"\" size=\"40\" class=\"wpcf7-form-control wpcf7-text wpcf7-tel wpcf7-validates-as-tel\" aria-invalid=\"false\" \/><\/span><\/p>\n<p class=\"cf7-input-absatz\"><span class=\"wpcf7-form-control-wrap zustimmung-datenverarbeitung\"><span class=\"wpcf7-form-control wpcf7-checkbox wpcf7-validates-as-required\"><span class=\"wpcf7-list-item first last\"><input type=\"checkbox\" name=\"zustimmung-datenverarbeitung[]\" value=\"Je consens \u00e0 l\u2019enregistrement et au traitement de mes indications figurant dans le formulaire de contact visant \u00e0 r\u00e9pondre \u00e0 ma demande. Les donn\u00e9es seront effac\u00e9es \u00e0 la fin du traitement de votre demande. Remarque : vous pouvez r\u00e9voquer \u00e0 tout moment votre consentement pour l\u2019avenir en \u00e9crivant un e-mail \u00e0 info@acsr-solutions.com.\" \/><span class=\"wpcf7-list-item-label\">Je consens \u00e0 l\u2019enregistrement et au traitement de mes indications figurant dans le formulaire de contact visant \u00e0 r\u00e9pondre \u00e0 ma demande. Les donn\u00e9es seront effac\u00e9es \u00e0 la fin du traitement de votre demande. Remarque : vous pouvez r\u00e9voquer \u00e0 tout moment votre consentement pour l\u2019avenir en \u00e9crivant un e-mail \u00e0 info@acsr-solutions.com.<\/span><\/span><\/span><\/span><\/p>\n<p class=\"cf7-input-absatz\"><span class=\"wpcf7-form-control-wrap kopie\"><span class=\"wpcf7-form-control wpcf7-checkbox abskopie\" id=\"kopie\"><span class=\"wpcf7-list-item first last\"><span class=\"wpcf7-list-item-label\">Copie \u00e0 l&#039;exp\u00e9diteur<\/span><input type=\"checkbox\" name=\"kopie[]\" value=\"Copie \u00e0 l&#039;exp\u00e9diteur\" \/><\/span><\/span><\/span> <input type=\"submit\" value=\"Envoyer\" class=\"wpcf7-form-control wpcf7-submit\" \/><\/p>\n<p><span id=\"wpcf7-69e9db696f278-wrapper\" class=\"wpcf7-form-control-wrap email-privat-902-wrap\" style=\"display:none !important; visibility:hidden !important;\"><label for=\"email-privat\" class=\"hp-message\">Veuillez laisser ce champ vide.<\/label><input id=\"email-privat\"class=\"wpcf7-form-control wpcf7-text\"  type=\"text\" name=\"email-privat-902\" value=\"\" size=\"40\" tabindex=\"-1\" autocomplete=\"new-password\" \/><\/span><\/p>\n<div class=\"wpcf7-response-output\" aria-hidden=\"true\"><\/div><\/form><\/div>\n<p><!--\n\n<p class=\"TextKlein textDatenschutzHinweisKontaktformular\"><strong>Avertissement sur la protection des donn\u00e9es :<\/strong><br \/>\n Nous utilisons les donn\u00e9es que vous avez saisies uniquement pour vous recontacter. Nous ne transmettons aucune donn\u00e9e \u00e0 des tiers.<\/p>\n\n--><\/p>\n","protected":false},"excerpt":{"rendered":"<p>Nous sommes ravis que vous souhaitiez nous contacter.<\/p>\n","protected":false},"author":2,"featured_media":0,"parent":0,"menu_order":4,"comment_status":"closed","ping_status":"closed","template":"","meta":[],"yoast_head":"<!-- This site is optimized with the Yoast SEO plugin v16.1.1 - https:\/\/yoast.com\/wordpress\/plugins\/seo\/ -->\n<link rel=\"canonical\" href=\"https:\/\/www.acsr-solutions.com\/fr\/contact\/\" \/>\n<meta property=\"og:locale\" content=\"fr_FR\" \/>\n<meta property=\"og:type\" content=\"article\" \/>\n<meta property=\"og:title\" content=\"Contact - ACSR Solutions\" \/>\n<meta property=\"og:description\" content=\"Nous sommes ravis que vous souhaitiez nous contacter.\" \/>\n<meta property=\"og:url\" content=\"https:\/\/www.acsr-solutions.com\/fr\/contact\/\" \/>\n<meta property=\"og:site_name\" content=\"ACSR Solutions\" \/>\n<meta property=\"article:modified_time\" content=\"2018-09-07T08:34:33+00:00\" \/>\n<meta name=\"twitter:card\" content=\"summary\" \/>\n<script type=\"application\/ld+json\" class=\"yoast-schema-graph\">{\"@context\":\"https:\/\/schema.org\",\"@graph\":[{\"@type\":\"WebSite\",\"@id\":\"https:\/\/www.acsr-solutions.com\/#website\",\"url\":\"https:\/\/www.acsr-solutions.com\/\",\"name\":\"ACSR Solutions\",\"description\":\"Eine weitere WordPress-Seite\",\"potentialAction\":[{\"@type\":\"SearchAction\",\"target\":\"https:\/\/www.acsr-solutions.com\/?s={search_term_string}\",\"query-input\":\"required name=search_term_string\"}],\"inLanguage\":\"fr-FR\"},{\"@type\":\"WebPage\",\"@id\":\"https:\/\/www.acsr-solutions.com\/fr\/contact\/#webpage\",\"url\":\"https:\/\/www.acsr-solutions.com\/fr\/contact\/\",\"name\":\"Contact - ACSR Solutions\",\"isPartOf\":{\"@id\":\"https:\/\/www.acsr-solutions.com\/#website\"},\"datePublished\":\"2015-09-06T20:16:56+00:00\",\"dateModified\":\"2018-09-07T08:34:33+00:00\",\"breadcrumb\":{\"@id\":\"https:\/\/www.acsr-solutions.com\/fr\/contact\/#breadcrumb\"},\"inLanguage\":\"fr-FR\",\"potentialAction\":[{\"@type\":\"ReadAction\",\"target\":[\"https:\/\/www.acsr-solutions.com\/fr\/contact\/\"]}]},{\"@type\":\"BreadcrumbList\",\"@id\":\"https:\/\/www.acsr-solutions.com\/fr\/contact\/#breadcrumb\",\"itemListElement\":[{\"@type\":\"ListItem\",\"position\":1,\"item\":{\"@type\":\"WebPage\",\"@id\":\"https:\/\/www.acsr-solutions.com\/fr\/\",\"url\":\"https:\/\/www.acsr-solutions.com\/fr\/\",\"name\":\"Home\"}},{\"@type\":\"ListItem\",\"position\":2,\"item\":{\"@type\":\"WebPage\",\"@id\":\"https:\/\/www.acsr-solutions.com\/fr\/contact\/\",\"url\":\"https:\/\/www.acsr-solutions.com\/fr\/contact\/\",\"name\":\"Contact\"}}]}]}<\/script>\n<!-- \/ Yoast SEO plugin. -->","_links":{"self":[{"href":"https:\/\/www.acsr-solutions.com\/fr\/wp-json\/wp\/v2\/pages\/692"}],"collection":[{"href":"https:\/\/www.acsr-solutions.com\/fr\/wp-json\/wp\/v2\/pages"}],"about":[{"href":"https:\/\/www.acsr-solutions.com\/fr\/wp-json\/wp\/v2\/types\/page"}],"author":[{"embeddable":true,"href":"https:\/\/www.acsr-solutions.com\/fr\/wp-json\/wp\/v2\/users\/2"}],"replies":[{"embeddable":true,"href":"https:\/\/www.acsr-solutions.com\/fr\/wp-json\/wp\/v2\/comments?post=692"}],"version-history":[{"count":4,"href":"https:\/\/www.acsr-solutions.com\/fr\/wp-json\/wp\/v2\/pages\/692\/revisions"}],"predecessor-version":[{"id":970,"href":"https:\/\/www.acsr-solutions.com\/fr\/wp-json\/wp\/v2\/pages\/692\/revisions\/970"}],"wp:attachment":[{"href":"https:\/\/www.acsr-solutions.com\/fr\/wp-json\/wp\/v2\/media?parent=692"}],"curies":[{"name":"wp","href":"https:\/\/api.w.org\/{rel}","templated":true}]}}