{"id":824,"date":"2015-09-09T13:30:41","date_gmt":"2015-09-09T13:30:41","guid":{"rendered":"https:\/\/www.acsr-solutions.com\/?page_id=824\/"},"modified":"2017-09-01T07:54:32","modified_gmt":"2017-09-01T07:54:32","slug":"brochures","status":"publish","type":"page","link":"https:\/\/www.acsr-solutions.com\/fr\/brochures\/","title":{"rendered":"Brochures"},"content":{"rendered":"<p class=\"teaser\">Nous avons le plaisir de mettre les contenus de notre site Internet \u00e0 votre disposition sous forme abr\u00e9g\u00e9e, dans les brochures de notre entreprise. Vous trouverez nos brochures \u00e0 t\u00e9l\u00e9charger au format PDF dans plusieurs langues. Si vous souhaitez recevoir des brochures imprim\u00e9es, n\u2019h\u00e9sitez pas \u00e0 nous contacter.<\/p>\n<div class=\"section\">\n<div class=\"col col_6_of_12\">\n<ul class=\"ListePdfDownloads ListePdfDownloadsNeu\">\n<li><a href=\"\/wp-content\/uploads\/2015\/09\/acsr-broschuere-de.pdf\" target=\"_blank\" rel=\"noopener\">Brochure d\u2019information ACSR (de)<\/a><\/li>\n<li><a href=\"\/wp-content\/uploads\/2015\/09\/acsr-broschuere-en.pdf\" target=\"_blank\" rel=\"noopener\">Brochure d\u2019information ACSR (en)<\/a><\/li>\n<li><a href=\"\/wp-content\/uploads\/2015\/09\/acsr-broschuere-fr.pdf\" target=\"_blank\" rel=\"noopener\">Brochure d\u2019information ACSR (fr)<\/a><\/li>\n<\/ul>\n<\/div>\n<div class=\"col col_6_of_12\" style=\"padding-top: 10px;\">\n<p><img loading=\"lazy\" class=\"alignnone size-full wp-image-825\" src=\"\/wp-content\/uploads\/2017\/09\/acsr-solutions-broschuere-fr-screenshot-kl.jpg\" alt=\"ACSR Solutions Brochure\" width=\"319\" height=\"450\" srcset=\"https:\/\/www.acsr-solutions.com\/wp-content\/uploads\/2017\/09\/acsr-solutions-broschuere-fr-screenshot-kl.jpg 319w, https:\/\/www.acsr-solutions.com\/wp-content\/uploads\/2017\/09\/acsr-solutions-broschuere-fr-screenshot-kl-213x300.jpg 213w, https:\/\/www.acsr-solutions.com\/wp-content\/uploads\/2017\/09\/acsr-solutions-broschuere-fr-screenshot-kl-170x240.jpg 170w, https:\/\/www.acsr-solutions.com\/wp-content\/uploads\/2017\/09\/acsr-solutions-broschuere-fr-screenshot-kl-43x60.jpg 43w\" sizes=\"(max-width: 319px) 100vw, 319px\" \/><\/p>\n<\/div>\n<\/div>\n","protected":false},"excerpt":{"rendered":"<p>Nous avons le plaisir de mettre les contenus de notre site Internet \u00e0 votre disposition sous forme abr\u00e9g\u00e9e, dans les brochures de notre entreprise. Vous trouverez nos brochures \u00e0 t\u00e9l\u00e9charger au format PDF dans plusieurs langues. Si vous souhaitez recevoir des brochures imprim\u00e9es, n\u2019h\u00e9sitez pas \u00e0 nous contacter. Brochure d\u2019information ACSR (de) Brochure d\u2019information ACSR [&hellip;]<\/p>\n","protected":false},"author":2,"featured_media":0,"parent":0,"menu_order":500,"comment_status":"closed","ping_status":"closed","template":"","meta":[],"yoast_head":"<!-- This site is optimized with the Yoast SEO plugin v16.1.1 - https:\/\/yoast.com\/wordpress\/plugins\/seo\/ -->\n<link rel=\"canonical\" href=\"https:\/\/www.acsr-solutions.com\/fr\/brochures\/\" \/>\n<meta property=\"og:locale\" content=\"fr_FR\" \/>\n<meta property=\"og:type\" content=\"article\" \/>\n<meta property=\"og:title\" content=\"Brochures - ACSR Solutions\" \/>\n<meta property=\"og:description\" content=\"Nous avons le plaisir de mettre les contenus de notre site Internet \u00e0 votre disposition sous forme abr\u00e9g\u00e9e, dans les brochures de notre entreprise. Vous trouverez nos brochures \u00e0 t\u00e9l\u00e9charger au format PDF dans plusieurs langues. Si vous souhaitez recevoir des brochures imprim\u00e9es, n\u2019h\u00e9sitez pas \u00e0 nous contacter. Brochure d\u2019information ACSR (de) Brochure d\u2019information ACSR [&hellip;]\" \/>\n<meta property=\"og:url\" content=\"https:\/\/www.acsr-solutions.com\/fr\/brochures\/\" \/>\n<meta property=\"og:site_name\" content=\"ACSR Solutions\" \/>\n<meta property=\"article:modified_time\" content=\"2017-09-01T07:54:32+00:00\" \/>\n<meta property=\"og:image\" content=\"https:\/\/www.acsr-solutions.com\/wp-content\/uploads\/2017\/09\/acsr-solutions-broschuere-fr-screenshot-kl.jpg\" \/>\n<meta name=\"twitter:card\" content=\"summary\" \/>\n<script type=\"application\/ld+json\" class=\"yoast-schema-graph\">{\"@context\":\"https:\/\/schema.org\",\"@graph\":[{\"@type\":\"WebSite\",\"@id\":\"https:\/\/www.acsr-solutions.com\/#website\",\"url\":\"https:\/\/www.acsr-solutions.com\/\",\"name\":\"ACSR Solutions\",\"description\":\"Eine weitere WordPress-Seite\",\"potentialAction\":[{\"@type\":\"SearchAction\",\"target\":\"https:\/\/www.acsr-solutions.com\/?s={search_term_string}\",\"query-input\":\"required name=search_term_string\"}],\"inLanguage\":\"fr-FR\"},{\"@type\":\"ImageObject\",\"@id\":\"https:\/\/www.acsr-solutions.com\/fr\/brochures\/#primaryimage\",\"inLanguage\":\"fr-FR\",\"url\":\"\/wp-content\/uploads\/2017\/09\/acsr-solutions-broschuere-fr-screenshot-kl.jpg\",\"contentUrl\":\"\/wp-content\/uploads\/2017\/09\/acsr-solutions-broschuere-fr-screenshot-kl.jpg\"},{\"@type\":\"WebPage\",\"@id\":\"https:\/\/www.acsr-solutions.com\/fr\/brochures\/#webpage\",\"url\":\"https:\/\/www.acsr-solutions.com\/fr\/brochures\/\",\"name\":\"Brochures - ACSR Solutions\",\"isPartOf\":{\"@id\":\"https:\/\/www.acsr-solutions.com\/#website\"},\"primaryImageOfPage\":{\"@id\":\"https:\/\/www.acsr-solutions.com\/fr\/brochures\/#primaryimage\"},\"datePublished\":\"2015-09-09T13:30:41+00:00\",\"dateModified\":\"2017-09-01T07:54:32+00:00\",\"breadcrumb\":{\"@id\":\"https:\/\/www.acsr-solutions.com\/fr\/brochures\/#breadcrumb\"},\"inLanguage\":\"fr-FR\",\"potentialAction\":[{\"@type\":\"ReadAction\",\"target\":[\"https:\/\/www.acsr-solutions.com\/fr\/brochures\/\"]}]},{\"@type\":\"BreadcrumbList\",\"@id\":\"https:\/\/www.acsr-solutions.com\/fr\/brochures\/#breadcrumb\",\"itemListElement\":[{\"@type\":\"ListItem\",\"position\":1,\"item\":{\"@type\":\"WebPage\",\"@id\":\"https:\/\/www.acsr-solutions.com\/fr\/\",\"url\":\"https:\/\/www.acsr-solutions.com\/fr\/\",\"name\":\"Home\"}},{\"@type\":\"ListItem\",\"position\":2,\"item\":{\"@type\":\"WebPage\",\"@id\":\"https:\/\/www.acsr-solutions.com\/fr\/brochures\/\",\"url\":\"https:\/\/www.acsr-solutions.com\/fr\/brochures\/\",\"name\":\"Brochures\"}}]}]}<\/script>\n<!-- \/ Yoast SEO plugin. -->","_links":{"self":[{"href":"https:\/\/www.acsr-solutions.com\/fr\/wp-json\/wp\/v2\/pages\/824"}],"collection":[{"href":"https:\/\/www.acsr-solutions.com\/fr\/wp-json\/wp\/v2\/pages"}],"about":[{"href":"https:\/\/www.acsr-solutions.com\/fr\/wp-json\/wp\/v2\/types\/page"}],"author":[{"embeddable":true,"href":"https:\/\/www.acsr-solutions.com\/fr\/wp-json\/wp\/v2\/users\/2"}],"replies":[{"embeddable":true,"href":"https:\/\/www.acsr-solutions.com\/fr\/wp-json\/wp\/v2\/comments?post=824"}],"version-history":[{"count":1,"href":"https:\/\/www.acsr-solutions.com\/fr\/wp-json\/wp\/v2\/pages\/824\/revisions"}],"predecessor-version":[{"id":826,"href":"https:\/\/www.acsr-solutions.com\/fr\/wp-json\/wp\/v2\/pages\/824\/revisions\/826"}],"wp:attachment":[{"href":"https:\/\/www.acsr-solutions.com\/fr\/wp-json\/wp\/v2\/media?parent=824"}],"curies":[{"name":"wp","href":"https:\/\/api.w.org\/{rel}","templated":true}]}}